{"id":2281,"date":"2017-12-14T13:37:13","date_gmt":"2017-12-14T12:37:13","guid":{"rendered":"https:\/\/debowymlyn.pl\/?page_id=2281"},"modified":"2023-10-30T13:53:13","modified_gmt":"2023-10-30T12:53:13","slug":"cyklinowanie-parkietow","status":"publish","type":"page","link":"https:\/\/debowymlyn.pl\/de\/cyklinowanie-parkietow\/","title":{"rendered":"(Polski) Cyklinowanie parkiet\u00f3w"},"content":{"rendered":"<p class=\"qtranxs-available-languages-message qtranxs-available-languages-message-de\">Leider ist der Eintrag nur auf <a href=\"https:\/\/debowymlyn.pl\/pl\/wp-json\/wp\/v2\/pages\/2281\" class=\"qtranxs-available-language-link qtranxs-available-language-link-pl\" title=\"Polski\">Polski<\/a> verf\u00fcgbar.<\/p>","protected":false},"excerpt":{"rendered":"<p>Leider ist der Eintrag nur auf Polski verf\u00fcgbar.<\/p>\n","protected":false},"author":2,"featured_media":0,"parent":0,"menu_order":0,"comment_status":"closed","ping_status":"closed","template":"page-fullwidth.php","meta":{"inline_featured_image":false,"footnotes":""},"class_list":["post-2281","page","type-page","status-publish","hentry"],"yoast_head":"<!-- This site is optimized with the Yoast SEO plugin v26.8 - https:\/\/yoast.com\/product\/yoast-seo-wordpress\/ -->\n<title>Cyklinowanie parkiet\u00f3w Pozna\u0144, Leszno | D\u0119bowy M\u0142yn<\/title>\n<meta name=\"description\" content=\"Oferujemy cyklinowanie parkiet\u00f3w w Poznaniu i w Lesznie na atrakcyjnych warunkach. Korzystamy ze sprz\u0119tu najwy\u017cszej jako\u015bci, co pozwala nam na szybk\u0105 realizacj\u0119 zlecenia. Przeprowadzamy cyklinowanie parkietu, kt\u00f3re skutecznie odnawia ca\u0142\u0105 pod\u0142og\u0119. Zapraszamy do skorzystania z naszych us\u0142ug!\" \/>\n<meta name=\"robots\" content=\"index, follow, max-snippet:-1, max-image-preview:large, max-video-preview:-1\" \/>\n<link rel=\"canonical\" href=\"https:\/\/debowymlyn.pl\/cyklinowanie-parkietow\/\" \/>\n<meta property=\"og:locale\" content=\"de_DE\" \/>\n<meta property=\"og:type\" content=\"article\" \/>\n<meta property=\"og:title\" content=\"Cyklinowanie parkiet\u00f3w Pozna\u0144, Leszno | D\u0119bowy M\u0142yn\" \/>\n<meta property=\"og:description\" content=\"Oferujemy cyklinowanie parkiet\u00f3w w Poznaniu i w Lesznie na atrakcyjnych warunkach. Korzystamy ze sprz\u0119tu najwy\u017cszej jako\u015bci, co pozwala nam na szybk\u0105 realizacj\u0119 zlecenia. Przeprowadzamy cyklinowanie parkietu, kt\u00f3re skutecznie odnawia ca\u0142\u0105 pod\u0142og\u0119. Zapraszamy do skorzystania z naszych us\u0142ug!\" \/>\n<meta property=\"og:url\" content=\"https:\/\/debowymlyn.pl\/cyklinowanie-parkietow\/\" \/>\n<meta property=\"og:site_name\" content=\"Holzfu\u00dfbodengesch\u00e4ft &quot;D\u0119bowy M\u0142yn&quot;\" \/>\n<meta property=\"article:modified_time\" content=\"2023-10-30T12:53:13+00:00\" \/>\n<meta property=\"og:image\" content=\"https:\/\/debowymlyn.pl\/wp-content\/uploads\/podlogi\/mozaiki\/palacowe\/w7a.jpg\" \/>\n<meta name=\"twitter:card\" content=\"summary_large_image\" \/>\n<meta name=\"twitter:label1\" content=\"Gesch\u00e4tzte Lesezeit\" \/>\n\t<meta name=\"twitter:data1\" content=\"4\u00a0Minuten\" \/>\n<script type=\"application\/ld+json\" class=\"yoast-schema-graph\">{\"@context\":\"https:\/\/schema.org\",\"@graph\":[{\"@type\":\"WebPage\",\"@id\":\"https:\/\/debowymlyn.pl\/cyklinowanie-parkietow\/\",\"url\":\"https:\/\/debowymlyn.pl\/cyklinowanie-parkietow\/\",\"name\":\"Cyklinowanie parkiet\u00f3w Pozna\u0144, Leszno | D\u0119bowy M\u0142yn\",\"isPartOf\":{\"@id\":\"https:\/\/debowymlyn.pl\/#website\"},\"primaryImageOfPage\":{\"@id\":\"https:\/\/debowymlyn.pl\/cyklinowanie-parkietow\/#primaryimage\"},\"image\":{\"@id\":\"https:\/\/debowymlyn.pl\/cyklinowanie-parkietow\/#primaryimage\"},\"thumbnailUrl\":\"https:\/\/debowymlyn.pl\/wp-content\/uploads\/podlogi\/mozaiki\/palacowe\/w7a.jpg\",\"datePublished\":\"2017-12-14T12:37:13+00:00\",\"dateModified\":\"2023-10-30T12:53:13+00:00\",\"description\":\"Oferujemy cyklinowanie parkiet\u00f3w w Poznaniu i w Lesznie na atrakcyjnych warunkach. Korzystamy ze sprz\u0119tu najwy\u017cszej jako\u015bci, co pozwala nam na szybk\u0105 realizacj\u0119 zlecenia. Przeprowadzamy cyklinowanie parkietu, kt\u00f3re skutecznie odnawia ca\u0142\u0105 pod\u0142og\u0119. Zapraszamy do skorzystania z naszych us\u0142ug!\",\"breadcrumb\":{\"@id\":\"https:\/\/debowymlyn.pl\/cyklinowanie-parkietow\/#breadcrumb\"},\"inLanguage\":\"de\",\"potentialAction\":[{\"@type\":\"ReadAction\",\"target\":[\"https:\/\/debowymlyn.pl\/cyklinowanie-parkietow\/\"]}]},{\"@type\":\"ImageObject\",\"inLanguage\":\"de\",\"@id\":\"https:\/\/debowymlyn.pl\/cyklinowanie-parkietow\/#primaryimage\",\"url\":\"https:\/\/debowymlyn.pl\/wp-content\/uploads\/podlogi\/mozaiki\/palacowe\/w7a.jpg\",\"contentUrl\":\"https:\/\/debowymlyn.pl\/wp-content\/uploads\/podlogi\/mozaiki\/palacowe\/w7a.jpg\"},{\"@type\":\"BreadcrumbList\",\"@id\":\"https:\/\/debowymlyn.pl\/cyklinowanie-parkietow\/#breadcrumb\",\"itemListElement\":[{\"@type\":\"ListItem\",\"position\":1,\"name\":\"Strona g\u0142\u00f3wna\",\"item\":\"https:\/\/debowymlyn.pl\/\"},{\"@type\":\"ListItem\",\"position\":2,\"name\":\"Cyklinowanie parkiet\u00f3w\"}]},{\"@type\":\"WebSite\",\"@id\":\"https:\/\/debowymlyn.pl\/#website\",\"url\":\"https:\/\/debowymlyn.pl\/\",\"name\":\"Holzfu\u00dfbodengesch\u00e4ft &quot;D\u0119bowy M\u0142yn&quot;\",\"description\":\"\",\"potentialAction\":[{\"@type\":\"SearchAction\",\"target\":{\"@type\":\"EntryPoint\",\"urlTemplate\":\"https:\/\/debowymlyn.pl\/?s={search_term_string}\"},\"query-input\":{\"@type\":\"PropertyValueSpecification\",\"valueRequired\":true,\"valueName\":\"search_term_string\"}}],\"inLanguage\":\"de\"}]}<\/script>\n<!-- \/ Yoast SEO plugin. -->","yoast_head_json":{"title":"Cyklinowanie parkiet\u00f3w Pozna\u0144, Leszno | D\u0119bowy M\u0142yn","description":"Oferujemy cyklinowanie parkiet\u00f3w w Poznaniu i w Lesznie na atrakcyjnych warunkach. Korzystamy ze sprz\u0119tu najwy\u017cszej jako\u015bci, co pozwala nam na szybk\u0105 realizacj\u0119 zlecenia. Przeprowadzamy cyklinowanie parkietu, kt\u00f3re skutecznie odnawia ca\u0142\u0105 pod\u0142og\u0119. Zapraszamy do skorzystania z naszych us\u0142ug!","robots":{"index":"index","follow":"follow","max-snippet":"max-snippet:-1","max-image-preview":"max-image-preview:large","max-video-preview":"max-video-preview:-1"},"canonical":"https:\/\/debowymlyn.pl\/cyklinowanie-parkietow\/","og_locale":"de_DE","og_type":"article","og_title":"Cyklinowanie parkiet\u00f3w Pozna\u0144, Leszno | D\u0119bowy M\u0142yn","og_description":"Oferujemy cyklinowanie parkiet\u00f3w w Poznaniu i w Lesznie na atrakcyjnych warunkach. Korzystamy ze sprz\u0119tu najwy\u017cszej jako\u015bci, co pozwala nam na szybk\u0105 realizacj\u0119 zlecenia. Przeprowadzamy cyklinowanie parkietu, kt\u00f3re skutecznie odnawia ca\u0142\u0105 pod\u0142og\u0119. Zapraszamy do skorzystania z naszych us\u0142ug!","og_url":"https:\/\/debowymlyn.pl\/cyklinowanie-parkietow\/","og_site_name":"Holzfu\u00dfbodengesch\u00e4ft &quot;D\u0119bowy M\u0142yn&quot;","article_modified_time":"2023-10-30T12:53:13+00:00","og_image":[{"url":"https:\/\/debowymlyn.pl\/wp-content\/uploads\/podlogi\/mozaiki\/palacowe\/w7a.jpg","type":"","width":"","height":""}],"twitter_card":"summary_large_image","twitter_misc":{"Gesch\u00e4tzte Lesezeit":"4\u00a0Minuten"},"schema":{"@context":"https:\/\/schema.org","@graph":[{"@type":"WebPage","@id":"https:\/\/debowymlyn.pl\/cyklinowanie-parkietow\/","url":"https:\/\/debowymlyn.pl\/cyklinowanie-parkietow\/","name":"Cyklinowanie parkiet\u00f3w Pozna\u0144, Leszno | D\u0119bowy M\u0142yn","isPartOf":{"@id":"https:\/\/debowymlyn.pl\/#website"},"primaryImageOfPage":{"@id":"https:\/\/debowymlyn.pl\/cyklinowanie-parkietow\/#primaryimage"},"image":{"@id":"https:\/\/debowymlyn.pl\/cyklinowanie-parkietow\/#primaryimage"},"thumbnailUrl":"https:\/\/debowymlyn.pl\/wp-content\/uploads\/podlogi\/mozaiki\/palacowe\/w7a.jpg","datePublished":"2017-12-14T12:37:13+00:00","dateModified":"2023-10-30T12:53:13+00:00","description":"Oferujemy cyklinowanie parkiet\u00f3w w Poznaniu i w Lesznie na atrakcyjnych warunkach. Korzystamy ze sprz\u0119tu najwy\u017cszej jako\u015bci, co pozwala nam na szybk\u0105 realizacj\u0119 zlecenia. Przeprowadzamy cyklinowanie parkietu, kt\u00f3re skutecznie odnawia ca\u0142\u0105 pod\u0142og\u0119. Zapraszamy do skorzystania z naszych us\u0142ug!","breadcrumb":{"@id":"https:\/\/debowymlyn.pl\/cyklinowanie-parkietow\/#breadcrumb"},"inLanguage":"de","potentialAction":[{"@type":"ReadAction","target":["https:\/\/debowymlyn.pl\/cyklinowanie-parkietow\/"]}]},{"@type":"ImageObject","inLanguage":"de","@id":"https:\/\/debowymlyn.pl\/cyklinowanie-parkietow\/#primaryimage","url":"https:\/\/debowymlyn.pl\/wp-content\/uploads\/podlogi\/mozaiki\/palacowe\/w7a.jpg","contentUrl":"https:\/\/debowymlyn.pl\/wp-content\/uploads\/podlogi\/mozaiki\/palacowe\/w7a.jpg"},{"@type":"BreadcrumbList","@id":"https:\/\/debowymlyn.pl\/cyklinowanie-parkietow\/#breadcrumb","itemListElement":[{"@type":"ListItem","position":1,"name":"Strona g\u0142\u00f3wna","item":"https:\/\/debowymlyn.pl\/"},{"@type":"ListItem","position":2,"name":"Cyklinowanie parkiet\u00f3w"}]},{"@type":"WebSite","@id":"https:\/\/debowymlyn.pl\/#website","url":"https:\/\/debowymlyn.pl\/","name":"Holzfu\u00dfbodengesch\u00e4ft &quot;D\u0119bowy M\u0142yn&quot;","description":"","potentialAction":[{"@type":"SearchAction","target":{"@type":"EntryPoint","urlTemplate":"https:\/\/debowymlyn.pl\/?s={search_term_string}"},"query-input":{"@type":"PropertyValueSpecification","valueRequired":true,"valueName":"search_term_string"}}],"inLanguage":"de"}]}},"_links":{"self":[{"href":"https:\/\/debowymlyn.pl\/de\/wp-json\/wp\/v2\/pages\/2281","targetHints":{"allow":["GET"]}}],"collection":[{"href":"https:\/\/debowymlyn.pl\/de\/wp-json\/wp\/v2\/pages"}],"about":[{"href":"https:\/\/debowymlyn.pl\/de\/wp-json\/wp\/v2\/types\/page"}],"author":[{"embeddable":true,"href":"https:\/\/debowymlyn.pl\/de\/wp-json\/wp\/v2\/users\/2"}],"replies":[{"embeddable":true,"href":"https:\/\/debowymlyn.pl\/de\/wp-json\/wp\/v2\/comments?post=2281"}],"version-history":[{"count":29,"href":"https:\/\/debowymlyn.pl\/de\/wp-json\/wp\/v2\/pages\/2281\/revisions"}],"predecessor-version":[{"id":3096,"href":"https:\/\/debowymlyn.pl\/de\/wp-json\/wp\/v2\/pages\/2281\/revisions\/3096"}],"wp:attachment":[{"href":"https:\/\/debowymlyn.pl\/de\/wp-json\/wp\/v2\/media?parent=2281"}],"curies":[{"name":"wp","href":"https:\/\/api.w.org\/{rel}","templated":true}]}}