{"id":936,"date":"2015-12-11T14:22:12","date_gmt":"2015-12-11T13:22:12","guid":{"rendered":"http:\/\/debowymlyn.pl\/?page_id=936"},"modified":"2023-10-30T12:56:08","modified_gmt":"2023-10-30T11:56:08","slug":"elewacje","status":"publish","type":"page","link":"https:\/\/debowymlyn.pl\/de\/elewacje\/","title":{"rendered":"Fassaden"},"content":{"rendered":"<div class=\"su-tabs su-tabs-style-default su-tabs-mobile-stack\" data-active=\"1\" data-scroll-offset=\"0\" data-anchor-in-url=\"no\"><div class=\"su-tabs-nav\"><span class=\"\" data-url=\"\" data-target=\"blank\" tabindex=\"0\" role=\"button\">Fassaden<\/span><\/div><div class=\"su-tabs-panes\"><div class=\"su-tabs-pane su-u-clearfix su-u-trim\" data-title=\"Fassaden\">\n<div class=\"su-row\">\n<div style=\"float: left;\">\n<h4 style=\"text-align: center;\">Meranti<\/h4>\n[slb_group id=&#8220;elewacje&#8220;]<div class=\"su-custom-gallery su-custom-gallery-align-left su-custom-gallery-title-hover column_image\"><div class=\"su-custom-gallery-slide\" style=\"width:220px;height:165px\"><a href=\"https:\/\/debowymlyn.pl\/de\/img_4167\/\" title=\"Meranti\"><img loading=\"lazy\" decoding=\"async\" src=\"https:\/\/debowymlyn.pl\/wp-content\/uploads\/elewacje\/IMG_4167-220x165.jpg\" alt=\"Meranti\" width=\"220\" height=\"165\" \/><span class=\"su-custom-gallery-title\">Meranti<\/span><\/a><\/div><div class=\"su-custom-gallery-slide\" style=\"width:220px;height:165px\"><a href=\"https:\/\/debowymlyn.pl\/de\/img_4163\/\" title=\"Meranti\"><img loading=\"lazy\" decoding=\"async\" src=\"https:\/\/debowymlyn.pl\/wp-content\/uploads\/elewacje\/IMG_4163-220x165.jpg\" alt=\"Meranti\" width=\"220\" height=\"165\" \/><span class=\"su-custom-gallery-title\">Meranti<\/span><\/a><\/div><div class=\"su-clear\"><\/div><\/div>[\/slb_group]\n<\/p><\/div>\n<div style=\"float: left;\">\n<h4 style=\"text-align: center;\">Thermo-Esche<\/h4>\n[slb_group id=&#8220;elewacje&#8220;]<div class=\"su-custom-gallery su-custom-gallery-align-left su-custom-gallery-title-hover column_image\"><div class=\"su-custom-gallery-slide\" style=\"width:220px;height:165px\"><a href=\"https:\/\/debowymlyn.pl\/de\/img_4158\/\" title=\"Thermo-Esche\"><img loading=\"lazy\" decoding=\"async\" src=\"https:\/\/debowymlyn.pl\/wp-content\/uploads\/elewacje\/IMG_4158-220x165.jpg\" alt=\"Thermo-Esche\" width=\"220\" height=\"165\" \/><span class=\"su-custom-gallery-title\">Thermo-Esche<\/span><\/a><\/div><div class=\"su-custom-gallery-slide\" style=\"width:220px;height:165px\"><a href=\"https:\/\/debowymlyn.pl\/de\/img_4151\/\" title=\"Thermo-Esche\"><img loading=\"lazy\" decoding=\"async\" src=\"https:\/\/debowymlyn.pl\/wp-content\/uploads\/elewacje\/IMG_4151-220x165.jpg\" alt=\"Thermo-Esche\" width=\"220\" height=\"165\" \/><span class=\"su-custom-gallery-title\">Thermo-Esche<\/span><\/a><\/div><div class=\"su-clear\"><\/div><\/div>[\/slb_group]\n<\/p><\/div>\n<\/div>\n<div class=\"su-row\">\n<div style=\"float: left;\">\n<h4 style=\"text-align: center;\">Kanadischer Zeder \/ Rot<\/h4>\n[slb_group id=&#8220;elewacje&#8220;]<div class=\"su-custom-gallery su-custom-gallery-align-left su-custom-gallery-title-hover column_image\"><div class=\"su-custom-gallery-slide\" style=\"width:220px;height:165px\"><a href=\"https:\/\/debowymlyn.pl\/de\/img_4154\/\" title=\"Kanadischer Zeder WRC\"><img loading=\"lazy\" decoding=\"async\" src=\"https:\/\/debowymlyn.pl\/wp-content\/uploads\/elewacje\/IMG_4154-220x165.jpg\" alt=\"Kanadischer Zeder WRC\" width=\"220\" height=\"165\" \/><span class=\"su-custom-gallery-title\">Kanadischer Zeder WRC<\/span><\/a><\/div><div class=\"su-custom-gallery-slide\" style=\"width:220px;height:165px\"><a href=\"https:\/\/debowymlyn.pl\/de\/img_4144\/\" title=\"Kanadischer Zeder WRC\"><img loading=\"lazy\" decoding=\"async\" src=\"https:\/\/debowymlyn.pl\/wp-content\/uploads\/elewacje\/IMG_4144-220x165.jpg\" alt=\"Kanadischer Zeder WRC\" width=\"220\" height=\"165\" \/><span class=\"su-custom-gallery-title\">Kanadischer Zeder WRC<\/span><\/a><\/div><div class=\"su-custom-gallery-slide\" style=\"width:220px;height:165px\"><a href=\"https:\/\/debowymlyn.pl\/de\/img_4164\/\" title=\"Rote Zeder WRC\"><img loading=\"lazy\" decoding=\"async\" src=\"https:\/\/debowymlyn.pl\/wp-content\/uploads\/elewacje\/IMG_4164-220x165.jpg\" alt=\"Rote Zeder WRC\" width=\"220\" height=\"165\" \/><span class=\"su-custom-gallery-title\">Rote Zeder WRC<\/span><\/a><\/div><div class=\"su-clear\"><\/div><\/div>[\/slb_group]\n<\/p><\/div>\n<\/div>\n<\/div><\/div><\/div>\n<div class=\"su-column su-column-size-1-1 podstrona su-column-centered\"><div class=\"su-column-inner su-u-clearfix su-u-trim\">\nEin Holzhaus in ruhiger Lage, moderne Wohnung mit Fassadenverkleidung aus Holz und faszinierende Kombination aus Holz und Stein in der Innenstadt. Die Au\u00dfenw\u00e4nde eines Geb\u00e4udes sind seine Visitenkarte und repr\u00e4sentatives Element zugleich, die sofort ins Auge fallen. Daher sollten sie stets sehr gepflegt und originell sein.<\/p>\n<p>Holzfassaden werden dieser Rolle bestens gerecht. Sie sind elegant, passen in die trendige Kombination der Moderne mit traditionellem Baustil und dar\u00fcber hinaus gelten sie als eine extrem umweltfreundliche L\u00f6sung. Zu unseren Produkten z\u00e4hlen hochwertige exotische Holzsorten wie Meranti, kanadischer und roter Zeder oder Thermoesche. Von  dezent hellbrauner bis zu tiefer kastanienbrauner Farbe &#8211; solche Dielen pr\u00e4sentieren sich bestens alleine, obwohl sie sich auch perfekt mit Stein, Glas, Beton und sogar mit Metall kombinieren lassen.<\/p>\n<p>Holzfassaden aus unserer Kollektion bed\u00fcrfen zwecks Beibehaltung des Aussehens entsprechender Pflege. Daf\u00fcr sind dauerhafte Impr\u00e4gnierungsmittel und Lacke vorgesehen, die die Farbe bereichern und die charakteristische Holzstruktur hervorheben oder Beize, die f\u00fcr den Schutz vor Wetterfaktoren, Feuchtigkeit und UV-Strahlung unerl\u00e4sslich sind.<\/p>\n<p>Trotz dieser weniger Einschr\u00e4nkungen bieten Holzfassaden Gem\u00fctlichkeit und eine freundliche Atmosph\u00e4re. Sie k\u00f6nnen gesamte Wandfl\u00e4chen oder nur deren Abschnitte wie Dachboden oder Fl\u00e4che um die Fensterl\u00e4den herum verzieren. Architekten entscheiden sich auch zunehmend h\u00e4ufiger f\u00fcr unkonventionelle Zusammenstellungen wie vertikale Dielenstreifen auf einem Steingeb\u00e4ude \u2013 schlie\u00dflich h\u00e4ngt alles nur von den Ideen und Vorlieben ab.<br \/>\n<\/div><\/div>","protected":false},"excerpt":{"rendered":"","protected":false},"author":2,"featured_media":0,"parent":0,"menu_order":3,"comment_status":"closed","ping_status":"closed","template":"page-fullwidth.php","meta":{"inline_featured_image":false,"footnotes":""},"class_list":["post-936","page","type-page","status-publish","hentry"],"yoast_head":"<!-- This site is optimized with the Yoast SEO plugin v26.8 - https:\/\/yoast.com\/product\/yoast-seo-wordpress\/ -->\n<title>Elewacje drewniane Pozna\u0144 - D\u0119bowy M\u0142yn<\/title>\n<meta name=\"description\" content=\"Drewniane elewacje s\u0105 idealnym rozwi\u0105zaniem zar\u00f3wno do tradycyjnych, jak i do nowoczesnych dom\u00f3w. Sprawd\u017a nasz\u0105 ofert\u0119 elewacji z pi\u0119knego, naturalnego drewna.\" \/>\n<meta name=\"robots\" content=\"index, follow, max-snippet:-1, max-image-preview:large, max-video-preview:-1\" \/>\n<link rel=\"canonical\" href=\"https:\/\/debowymlyn.pl\/elewacje\/\" \/>\n<meta property=\"og:locale\" content=\"de_DE\" \/>\n<meta property=\"og:type\" content=\"article\" \/>\n<meta property=\"og:title\" content=\"Elewacje drewniane Pozna\u0144 - D\u0119bowy M\u0142yn\" \/>\n<meta property=\"og:description\" content=\"Drewniane elewacje s\u0105 idealnym rozwi\u0105zaniem zar\u00f3wno do tradycyjnych, jak i do nowoczesnych dom\u00f3w. Sprawd\u017a nasz\u0105 ofert\u0119 elewacji z pi\u0119knego, naturalnego drewna.\" \/>\n<meta property=\"og:url\" content=\"https:\/\/debowymlyn.pl\/elewacje\/\" \/>\n<meta property=\"og:site_name\" content=\"Holzfu\u00dfbodengesch\u00e4ft &quot;D\u0119bowy M\u0142yn&quot;\" \/>\n<meta property=\"article:modified_time\" content=\"2023-10-30T11:56:08+00:00\" \/>\n<meta name=\"twitter:card\" content=\"summary_large_image\" \/>\n<meta name=\"twitter:label1\" content=\"Gesch\u00e4tzte Lesezeit\" \/>\n\t<meta name=\"twitter:data1\" content=\"8\u00a0Minuten\" \/>\n<script type=\"application\/ld+json\" class=\"yoast-schema-graph\">{\"@context\":\"https:\/\/schema.org\",\"@graph\":[{\"@type\":\"WebPage\",\"@id\":\"https:\/\/debowymlyn.pl\/elewacje\/\",\"url\":\"https:\/\/debowymlyn.pl\/elewacje\/\",\"name\":\"Elewacje drewniane Pozna\u0144 - D\u0119bowy M\u0142yn\",\"isPartOf\":{\"@id\":\"https:\/\/debowymlyn.pl\/#website\"},\"datePublished\":\"2015-12-11T13:22:12+00:00\",\"dateModified\":\"2023-10-30T11:56:08+00:00\",\"description\":\"Drewniane elewacje s\u0105 idealnym rozwi\u0105zaniem zar\u00f3wno do tradycyjnych, jak i do nowoczesnych dom\u00f3w. Sprawd\u017a nasz\u0105 ofert\u0119 elewacji z pi\u0119knego, naturalnego drewna.\",\"breadcrumb\":{\"@id\":\"https:\/\/debowymlyn.pl\/elewacje\/#breadcrumb\"},\"inLanguage\":\"de\",\"potentialAction\":[{\"@type\":\"ReadAction\",\"target\":[\"https:\/\/debowymlyn.pl\/elewacje\/\"]}]},{\"@type\":\"BreadcrumbList\",\"@id\":\"https:\/\/debowymlyn.pl\/elewacje\/#breadcrumb\",\"itemListElement\":[{\"@type\":\"ListItem\",\"position\":1,\"name\":\"Strona g\u0142\u00f3wna\",\"item\":\"https:\/\/debowymlyn.pl\/\"},{\"@type\":\"ListItem\",\"position\":2,\"name\":\"Elewacje\"}]},{\"@type\":\"WebSite\",\"@id\":\"https:\/\/debowymlyn.pl\/#website\",\"url\":\"https:\/\/debowymlyn.pl\/\",\"name\":\"Holzfu\u00dfbodengesch\u00e4ft &quot;D\u0119bowy M\u0142yn&quot;\",\"description\":\"\",\"potentialAction\":[{\"@type\":\"SearchAction\",\"target\":{\"@type\":\"EntryPoint\",\"urlTemplate\":\"https:\/\/debowymlyn.pl\/?s={search_term_string}\"},\"query-input\":{\"@type\":\"PropertyValueSpecification\",\"valueRequired\":true,\"valueName\":\"search_term_string\"}}],\"inLanguage\":\"de\"}]}<\/script>\n<!-- \/ Yoast SEO plugin. -->","yoast_head_json":{"title":"Elewacje drewniane Pozna\u0144 - D\u0119bowy M\u0142yn","description":"Drewniane elewacje s\u0105 idealnym rozwi\u0105zaniem zar\u00f3wno do tradycyjnych, jak i do nowoczesnych dom\u00f3w. Sprawd\u017a nasz\u0105 ofert\u0119 elewacji z pi\u0119knego, naturalnego drewna.","robots":{"index":"index","follow":"follow","max-snippet":"max-snippet:-1","max-image-preview":"max-image-preview:large","max-video-preview":"max-video-preview:-1"},"canonical":"https:\/\/debowymlyn.pl\/elewacje\/","og_locale":"de_DE","og_type":"article","og_title":"Elewacje drewniane Pozna\u0144 - D\u0119bowy M\u0142yn","og_description":"Drewniane elewacje s\u0105 idealnym rozwi\u0105zaniem zar\u00f3wno do tradycyjnych, jak i do nowoczesnych dom\u00f3w. Sprawd\u017a nasz\u0105 ofert\u0119 elewacji z pi\u0119knego, naturalnego drewna.","og_url":"https:\/\/debowymlyn.pl\/elewacje\/","og_site_name":"Holzfu\u00dfbodengesch\u00e4ft &quot;D\u0119bowy M\u0142yn&quot;","article_modified_time":"2023-10-30T11:56:08+00:00","twitter_card":"summary_large_image","twitter_misc":{"Gesch\u00e4tzte Lesezeit":"8\u00a0Minuten"},"schema":{"@context":"https:\/\/schema.org","@graph":[{"@type":"WebPage","@id":"https:\/\/debowymlyn.pl\/elewacje\/","url":"https:\/\/debowymlyn.pl\/elewacje\/","name":"Elewacje drewniane Pozna\u0144 - D\u0119bowy M\u0142yn","isPartOf":{"@id":"https:\/\/debowymlyn.pl\/#website"},"datePublished":"2015-12-11T13:22:12+00:00","dateModified":"2023-10-30T11:56:08+00:00","description":"Drewniane elewacje s\u0105 idealnym rozwi\u0105zaniem zar\u00f3wno do tradycyjnych, jak i do nowoczesnych dom\u00f3w. Sprawd\u017a nasz\u0105 ofert\u0119 elewacji z pi\u0119knego, naturalnego drewna.","breadcrumb":{"@id":"https:\/\/debowymlyn.pl\/elewacje\/#breadcrumb"},"inLanguage":"de","potentialAction":[{"@type":"ReadAction","target":["https:\/\/debowymlyn.pl\/elewacje\/"]}]},{"@type":"BreadcrumbList","@id":"https:\/\/debowymlyn.pl\/elewacje\/#breadcrumb","itemListElement":[{"@type":"ListItem","position":1,"name":"Strona g\u0142\u00f3wna","item":"https:\/\/debowymlyn.pl\/"},{"@type":"ListItem","position":2,"name":"Elewacje"}]},{"@type":"WebSite","@id":"https:\/\/debowymlyn.pl\/#website","url":"https:\/\/debowymlyn.pl\/","name":"Holzfu\u00dfbodengesch\u00e4ft &quot;D\u0119bowy M\u0142yn&quot;","description":"","potentialAction":[{"@type":"SearchAction","target":{"@type":"EntryPoint","urlTemplate":"https:\/\/debowymlyn.pl\/?s={search_term_string}"},"query-input":{"@type":"PropertyValueSpecification","valueRequired":true,"valueName":"search_term_string"}}],"inLanguage":"de"}]}},"_links":{"self":[{"href":"https:\/\/debowymlyn.pl\/de\/wp-json\/wp\/v2\/pages\/936","targetHints":{"allow":["GET"]}}],"collection":[{"href":"https:\/\/debowymlyn.pl\/de\/wp-json\/wp\/v2\/pages"}],"about":[{"href":"https:\/\/debowymlyn.pl\/de\/wp-json\/wp\/v2\/types\/page"}],"author":[{"embeddable":true,"href":"https:\/\/debowymlyn.pl\/de\/wp-json\/wp\/v2\/users\/2"}],"replies":[{"embeddable":true,"href":"https:\/\/debowymlyn.pl\/de\/wp-json\/wp\/v2\/comments?post=936"}],"version-history":[{"count":24,"href":"https:\/\/debowymlyn.pl\/de\/wp-json\/wp\/v2\/pages\/936\/revisions"}],"predecessor-version":[{"id":3087,"href":"https:\/\/debowymlyn.pl\/de\/wp-json\/wp\/v2\/pages\/936\/revisions\/3087"}],"wp:attachment":[{"href":"https:\/\/debowymlyn.pl\/de\/wp-json\/wp\/v2\/media?parent=936"}],"curies":[{"name":"wp","href":"https:\/\/api.w.org\/{rel}","templated":true}]}}