{"id":938,"date":"2015-12-11T14:23:06","date_gmt":"2015-12-11T13:23:06","guid":{"rendered":"http:\/\/debowymlyn.pl\/?page_id=938"},"modified":"2023-09-29T10:46:30","modified_gmt":"2023-09-29T08:46:30","slug":"o-nas","status":"publish","type":"page","link":"https:\/\/debowymlyn.pl\/de\/o-nas\/","title":{"rendered":"\u00dcber Uns"},"content":{"rendered":"<div class=\"span12\">\n<div class=\"su-column su-column-size-2-5\"><div class=\"su-column-inner su-u-clearfix su-u-trim\">\n<div class=\"su-custom-gallery su-custom-gallery-align-left su-custom-gallery-title-never column_image\"><div class=\"su-custom-gallery-slide\" style=\"width:400px;height:250px\"><a href=\"https:\/\/debowymlyn.pl\/de\/onas-bud\/\" title=\"onas-bud\"><img loading=\"lazy\" decoding=\"async\" src=\"https:\/\/debowymlyn.pl\/wp-content\/uploads\/onas\/onas-bud-400x250.jpg\" alt=\"onas-bud\" width=\"400\" height=\"250\" \/><span class=\"su-custom-gallery-title\">onas-bud<\/span><\/a><\/div><div class=\"su-clear\"><\/div><\/div>\n<div class=\"su-custom-gallery su-custom-gallery-align-left su-custom-gallery-title-never column_image\"><div class=\"su-custom-gallery-slide\" style=\"width:400px;height:250px\"><a href=\"https:\/\/debowymlyn.pl\/de\/onas-wewn\/\" title=\"\"><img loading=\"lazy\" decoding=\"async\" src=\"https:\/\/debowymlyn.pl\/wp-content\/uploads\/onas\/onas-wewn-400x250.jpg\" alt=\"\" width=\"400\" height=\"250\" \/><\/a><\/div><div class=\"su-clear\"><\/div><\/div>\n<\/div>\n<\/div><\/div>\n<div class=\"span12\" style=\"text-align: justify;\">\n<div class=\"su-column su-column-size-3-5 su-column-last\"><div class=\"su-column-inner su-u-clearfix su-u-trim\">\n<div class=\"su-spacer\" style=\"height:5px\"><\/div>\n<h4>Firmengeschichte<\/h4>\n<p>Die Firma \u201eD\u0119bowy M\u0142yn\u201d verf\u00fcgt mittlerweile \u00fcber mehr als 25 Jahre an Erfahrung. Viele Jahre lang bot unser Familienunternehmen hochwertige Dienstleistungen im Bereich der Parkettverlegung an. Derzeit erbringen wir komplexe Dienstleistungen und bieten Ihnen Holz f\u00fcr Fu\u00dfb\u00f6den, Terrassen und Fassaden wie auch hochwertige Chemiemittel und die Verlegung der B\u00f6den. Wir teilen gerne mit Ihnen unser Fachwissen und Erfahrung, und k\u00f6nnen Ihnen bereits in der Entscheidungsphase helfen, den passenden Fu\u00dfboden zu w\u00e4hlen, um sp\u00e4ter Entt\u00e4uschungen zu vermeiden.<\/p>\n<div class=\"su-spacer\" style=\"height:10px\"><\/div>\n<h4>Unser Verkaufssalon<\/h4>\n<p>Der Name unseres Verkaufssalons \u201eD\u0119bowy M\u0142yn\u201d sollte in erster Linie mit polnischer Geschichte und Tradition in Verbindung gebracht werden. Dies ist auch ein Wortspiel, weil das Wort \u201eM\u00fchle\u201d auf Polnisch auch Kopfschwindel aufgrund der F\u00fclle an M\u00f6glichkeiten bedeutet, die Ihnen das Angebot unseres Verkaufssalons bietet. Nach der Er\u00f6ffnung des Verkaufssalons \u201eD\u0119bowy M\u0142yn\u201d haben wir nur Lieferanten zur Zusammenarbeit eingeladen, zu denen wir nach langj\u00e4hriger Zusammenarbeit das Vertrauen hatten, dass sie Produkte h\u00f6chster Qualit\u00e4t anbieten, weil Qualit\u00e4t f\u00fcr uns immer oberste Priorit\u00e4t bleiben wird.<\/p>\n<\/div><\/div>\n<\/p><\/div>\n<div class=\"su-spacer\" style=\"height:20px\"><\/div>\n<div class=\"su-row\"><\/div>\n<div class=\"su-column su-column-size-1-4\"><div class=\"su-column-inner su-u-clearfix su-u-trim\">\n<div class=\"su-custom-gallery su-custom-gallery-align-left su-custom-gallery-title-never\"><div class=\"su-custom-gallery-slide\" style=\"width:240px;height:320px\"><a href=\"https:\/\/debowymlyn.pl\/de\/foto_onas_lukasz\/\" title=\"\"><img loading=\"lazy\" decoding=\"async\" src=\"https:\/\/debowymlyn.pl\/wp-content\/uploads\/onas\/foto_onas_lukasz-240x320.jpg\" alt=\"\" width=\"240\" height=\"320\" \/><\/a><\/div><div class=\"su-clear\"><\/div><\/div>\n<\/div><\/div>\n<div class=\"span12\" style=\"text-align: justify;\">\n<div class=\"su-column su-column-size-1-4\"><div class=\"su-column-inner su-u-clearfix su-u-trim\">\n<h4>\u0141ukasz Adamczak<\/h4>\n<p>Ich betreibe seit 2005 ein Gewerbe im Bereich der Parkettverlegung. Durch viele Jahre der Praxis hatte ich Kontakt mit eigentlich jedem Holzbodentyp, sowohl in Bezug auf die Holzsorte, als auch deren Verarbeitung. Ich sammelte auch die erforderliche Erfahrung, um sich selbst an komplizierte Projekte wagen zu k\u00f6nnen. Mein Berufsmotto basiert auf der \u00dcberzeugung, dass Holzb\u00f6den mit Leidenschaft verlegt werden m\u00fcssen, weil sie nur dann wirklich sch\u00f6n sind.<br \/>\n<\/div><\/div>\n<\/p><\/div>\n<div class=\"su-column su-column-size-1-4\"><div class=\"su-column-inner su-u-clearfix su-u-trim\">\n<div class=\"su-custom-gallery su-custom-gallery-align-left su-custom-gallery-title-never\"><div class=\"su-custom-gallery-slide\" style=\"width:240px;height:320px\"><a href=\"https:\/\/debowymlyn.pl\/de\/foto_onas_leszek\/\" title=\"\"><img loading=\"lazy\" decoding=\"async\" src=\"https:\/\/debowymlyn.pl\/wp-content\/uploads\/onas\/foto_onas_leszek-240x320.jpg\" alt=\"\" width=\"240\" height=\"320\" \/><\/a><\/div><div class=\"su-clear\"><\/div><\/div>\n<\/div><\/div>\n<div class=\"span12\" style=\"text-align: justify;\">\n<div class=\"su-column su-column-size-1-4 su-column-last\"><div class=\"su-column-inner su-u-clearfix su-u-trim\">\n<h4>Leszek Adamczak<\/h4>\n<p>Meine Berufskarriere war schon immer mit Holz verbunden, welches ich als den dankbarsten Werkstoff zur Bearbeitung ansehe. Und obwohl ich die T\u00e4tigkeit im Bereich der Parkettverlegung bereits 1990 begonnen habe, gingen ihr viele Jahre im Bereich der Schreinert\u00e4tigkeiten voran. Diese Praxis erm\u00f6glicht es mir derzeit, anspruchsvollsten und diversen Auftr\u00e4gen von Investoren gerecht zu werden, die etwas mehr als nur einen Holzboden daheim haben m\u00f6chten.<br \/>\n<\/div><\/div>\n<\/p><\/div>\n<div class=\"su-row\"><\/div>","protected":false},"excerpt":{"rendered":"","protected":false},"author":2,"featured_media":0,"parent":0,"menu_order":8,"comment_status":"closed","ping_status":"closed","template":"page-fullwidth.php","meta":{"inline_featured_image":false,"footnotes":""},"class_list":["post-938","page","type-page","status-publish","hentry"],"yoast_head":"<!-- This site is optimized with the Yoast SEO plugin v26.8 - https:\/\/yoast.com\/product\/yoast-seo-wordpress\/ -->\n<title>O nas - Holzfu\u00dfbodengesch\u00e4ft &quot;D\u0119bowy M\u0142yn&quot;<\/title>\n<meta name=\"description\" content=\"Firma \u201eD\u0119bowy M\u0142yn\u201d to dwadzie\u015bcia pi\u0119\u0107 lat do\u015bwiadczenia. Przez lata pracy w wykonawstwie nasza rodzinna firma oferowa\u0142a klientom wysokiej jako\u015bci us\u0142ugi.\" \/>\n<meta name=\"robots\" content=\"index, follow, max-snippet:-1, max-image-preview:large, max-video-preview:-1\" \/>\n<link rel=\"canonical\" href=\"https:\/\/debowymlyn.pl\/o-nas\/\" \/>\n<meta property=\"og:locale\" content=\"de_DE\" \/>\n<meta property=\"og:type\" content=\"article\" \/>\n<meta property=\"og:title\" content=\"O nas - Holzfu\u00dfbodengesch\u00e4ft &quot;D\u0119bowy M\u0142yn&quot;\" \/>\n<meta property=\"og:description\" content=\"Firma \u201eD\u0119bowy M\u0142yn\u201d to dwadzie\u015bcia pi\u0119\u0107 lat do\u015bwiadczenia. Przez lata pracy w wykonawstwie nasza rodzinna firma oferowa\u0142a klientom wysokiej jako\u015bci us\u0142ugi.\" \/>\n<meta property=\"og:url\" content=\"https:\/\/debowymlyn.pl\/o-nas\/\" \/>\n<meta property=\"og:site_name\" content=\"Holzfu\u00dfbodengesch\u00e4ft &quot;D\u0119bowy M\u0142yn&quot;\" \/>\n<meta property=\"article:modified_time\" content=\"2023-09-29T08:46:30+00:00\" \/>\n<meta name=\"twitter:card\" content=\"summary_large_image\" \/>\n<meta name=\"twitter:label1\" content=\"Gesch\u00e4tzte Lesezeit\" \/>\n\t<meta name=\"twitter:data1\" content=\"8\u00a0Minuten\" \/>\n<script type=\"application\/ld+json\" class=\"yoast-schema-graph\">{\"@context\":\"https:\/\/schema.org\",\"@graph\":[{\"@type\":\"WebPage\",\"@id\":\"https:\/\/debowymlyn.pl\/o-nas\/\",\"url\":\"https:\/\/debowymlyn.pl\/o-nas\/\",\"name\":\"O nas - Holzfu\u00dfbodengesch\u00e4ft &quot;D\u0119bowy M\u0142yn&quot;\",\"isPartOf\":{\"@id\":\"https:\/\/debowymlyn.pl\/#website\"},\"datePublished\":\"2015-12-11T13:23:06+00:00\",\"dateModified\":\"2023-09-29T08:46:30+00:00\",\"description\":\"Firma \u201eD\u0119bowy M\u0142yn\u201d to dwadzie\u015bcia pi\u0119\u0107 lat do\u015bwiadczenia. Przez lata pracy w wykonawstwie nasza rodzinna firma oferowa\u0142a klientom wysokiej jako\u015bci us\u0142ugi.\",\"breadcrumb\":{\"@id\":\"https:\/\/debowymlyn.pl\/o-nas\/#breadcrumb\"},\"inLanguage\":\"de\",\"potentialAction\":[{\"@type\":\"ReadAction\",\"target\":[\"https:\/\/debowymlyn.pl\/o-nas\/\"]}]},{\"@type\":\"BreadcrumbList\",\"@id\":\"https:\/\/debowymlyn.pl\/o-nas\/#breadcrumb\",\"itemListElement\":[{\"@type\":\"ListItem\",\"position\":1,\"name\":\"Strona g\u0142\u00f3wna\",\"item\":\"https:\/\/debowymlyn.pl\/\"},{\"@type\":\"ListItem\",\"position\":2,\"name\":\"O nas\"}]},{\"@type\":\"WebSite\",\"@id\":\"https:\/\/debowymlyn.pl\/#website\",\"url\":\"https:\/\/debowymlyn.pl\/\",\"name\":\"Holzfu\u00dfbodengesch\u00e4ft &quot;D\u0119bowy M\u0142yn&quot;\",\"description\":\"\",\"potentialAction\":[{\"@type\":\"SearchAction\",\"target\":{\"@type\":\"EntryPoint\",\"urlTemplate\":\"https:\/\/debowymlyn.pl\/?s={search_term_string}\"},\"query-input\":{\"@type\":\"PropertyValueSpecification\",\"valueRequired\":true,\"valueName\":\"search_term_string\"}}],\"inLanguage\":\"de\"}]}<\/script>\n<!-- \/ Yoast SEO plugin. -->","yoast_head_json":{"title":"O nas - Holzfu\u00dfbodengesch\u00e4ft &quot;D\u0119bowy M\u0142yn&quot;","description":"Firma \u201eD\u0119bowy M\u0142yn\u201d to dwadzie\u015bcia pi\u0119\u0107 lat do\u015bwiadczenia. Przez lata pracy w wykonawstwie nasza rodzinna firma oferowa\u0142a klientom wysokiej jako\u015bci us\u0142ugi.","robots":{"index":"index","follow":"follow","max-snippet":"max-snippet:-1","max-image-preview":"max-image-preview:large","max-video-preview":"max-video-preview:-1"},"canonical":"https:\/\/debowymlyn.pl\/o-nas\/","og_locale":"de_DE","og_type":"article","og_title":"O nas - Holzfu\u00dfbodengesch\u00e4ft &quot;D\u0119bowy M\u0142yn&quot;","og_description":"Firma \u201eD\u0119bowy M\u0142yn\u201d to dwadzie\u015bcia pi\u0119\u0107 lat do\u015bwiadczenia. Przez lata pracy w wykonawstwie nasza rodzinna firma oferowa\u0142a klientom wysokiej jako\u015bci us\u0142ugi.","og_url":"https:\/\/debowymlyn.pl\/o-nas\/","og_site_name":"Holzfu\u00dfbodengesch\u00e4ft &quot;D\u0119bowy M\u0142yn&quot;","article_modified_time":"2023-09-29T08:46:30+00:00","twitter_card":"summary_large_image","twitter_misc":{"Gesch\u00e4tzte Lesezeit":"8\u00a0Minuten"},"schema":{"@context":"https:\/\/schema.org","@graph":[{"@type":"WebPage","@id":"https:\/\/debowymlyn.pl\/o-nas\/","url":"https:\/\/debowymlyn.pl\/o-nas\/","name":"O nas - Holzfu\u00dfbodengesch\u00e4ft &quot;D\u0119bowy M\u0142yn&quot;","isPartOf":{"@id":"https:\/\/debowymlyn.pl\/#website"},"datePublished":"2015-12-11T13:23:06+00:00","dateModified":"2023-09-29T08:46:30+00:00","description":"Firma \u201eD\u0119bowy M\u0142yn\u201d to dwadzie\u015bcia pi\u0119\u0107 lat do\u015bwiadczenia. Przez lata pracy w wykonawstwie nasza rodzinna firma oferowa\u0142a klientom wysokiej jako\u015bci us\u0142ugi.","breadcrumb":{"@id":"https:\/\/debowymlyn.pl\/o-nas\/#breadcrumb"},"inLanguage":"de","potentialAction":[{"@type":"ReadAction","target":["https:\/\/debowymlyn.pl\/o-nas\/"]}]},{"@type":"BreadcrumbList","@id":"https:\/\/debowymlyn.pl\/o-nas\/#breadcrumb","itemListElement":[{"@type":"ListItem","position":1,"name":"Strona g\u0142\u00f3wna","item":"https:\/\/debowymlyn.pl\/"},{"@type":"ListItem","position":2,"name":"O nas"}]},{"@type":"WebSite","@id":"https:\/\/debowymlyn.pl\/#website","url":"https:\/\/debowymlyn.pl\/","name":"Holzfu\u00dfbodengesch\u00e4ft &quot;D\u0119bowy M\u0142yn&quot;","description":"","potentialAction":[{"@type":"SearchAction","target":{"@type":"EntryPoint","urlTemplate":"https:\/\/debowymlyn.pl\/?s={search_term_string}"},"query-input":{"@type":"PropertyValueSpecification","valueRequired":true,"valueName":"search_term_string"}}],"inLanguage":"de"}]}},"_links":{"self":[{"href":"https:\/\/debowymlyn.pl\/de\/wp-json\/wp\/v2\/pages\/938","targetHints":{"allow":["GET"]}}],"collection":[{"href":"https:\/\/debowymlyn.pl\/de\/wp-json\/wp\/v2\/pages"}],"about":[{"href":"https:\/\/debowymlyn.pl\/de\/wp-json\/wp\/v2\/types\/page"}],"author":[{"embeddable":true,"href":"https:\/\/debowymlyn.pl\/de\/wp-json\/wp\/v2\/users\/2"}],"replies":[{"embeddable":true,"href":"https:\/\/debowymlyn.pl\/de\/wp-json\/wp\/v2\/comments?post=938"}],"version-history":[{"count":65,"href":"https:\/\/debowymlyn.pl\/de\/wp-json\/wp\/v2\/pages\/938\/revisions"}],"predecessor-version":[{"id":3063,"href":"https:\/\/debowymlyn.pl\/de\/wp-json\/wp\/v2\/pages\/938\/revisions\/3063"}],"wp:attachment":[{"href":"https:\/\/debowymlyn.pl\/de\/wp-json\/wp\/v2\/media?parent=938"}],"curies":[{"name":"wp","href":"https:\/\/api.w.org\/{rel}","templated":true}]}}