{"id":948,"date":"2015-12-11T16:13:38","date_gmt":"2015-12-11T15:13:38","guid":{"rendered":"http:\/\/debowymlyn.pl\/?page_id=948"},"modified":"2023-10-30T12:35:12","modified_gmt":"2023-10-30T11:35:12","slug":"chemia","status":"publish","type":"page","link":"https:\/\/debowymlyn.pl\/de\/chemia\/","title":{"rendered":"Chemiemittel"},"content":{"rendered":"<div class=\"su-tabs su-tabs-style-default su-tabs-mobile-stack\" data-active=\"1\" data-scroll-offset=\"0\" data-anchor-in-url=\"no\"><div class=\"su-tabs-nav\"><span class=\"\" data-url=\"\" data-target=\"blank\" tabindex=\"0\" role=\"button\">Loba<\/span><span class=\"\" data-url=\"\" data-target=\"blank\" tabindex=\"0\" role=\"button\">Wakol<\/span><\/div><div class=\"su-tabs-panes\"><div class=\"su-tabs-pane su-u-clearfix su-u-trim\" data-title=\"Loba\">\n[slb_group id=&#8220;chemia-loba&#8220;]<div class=\"su-custom-gallery su-custom-gallery-align-left su-custom-gallery-title-onmouseover column_image\"><div class=\"su-custom-gallery-slide\" style=\"width:165px;height:165px\"><a href=\"https:\/\/debowymlyn.pl\/de\/lobadur_ws_viva-2\/\" title=\"WS Viva\"><img loading=\"lazy\" decoding=\"async\" src=\"https:\/\/debowymlyn.pl\/wp-content\/uploads\/chemia\/loba\/lobadur_ws_viva-2-165x165.jpg\" alt=\"WS Viva\" width=\"165\" height=\"165\" \/><span class=\"su-custom-gallery-title\">WS Viva<\/span><\/a><\/div><div class=\"su-custom-gallery-slide\" style=\"width:165px;height:165px\"><a href=\"https:\/\/debowymlyn.pl\/de\/lobadur_ws_easyprime-2\/\" title=\"WS EasyPrime\"><img loading=\"lazy\" decoding=\"async\" src=\"https:\/\/debowymlyn.pl\/wp-content\/uploads\/chemia\/loba\/lobadur_ws_easyprime-2-165x165.jpg\" alt=\"WS EasyPrime\" width=\"165\" height=\"165\" \/><span class=\"su-custom-gallery-title\">WS EasyPrime<\/span><\/a><\/div><div class=\"su-custom-gallery-slide\" style=\"width:165px;height:165px\"><a href=\"https:\/\/debowymlyn.pl\/de\/lobadur_ws_easyfinish-2\/\" title=\"WS EasyFinish\"><img loading=\"lazy\" decoding=\"async\" src=\"https:\/\/debowymlyn.pl\/wp-content\/uploads\/chemia\/loba\/lobadur_ws_easyfinish-2-165x165.jpg\" alt=\"WS EasyFinish\" width=\"165\" height=\"165\" \/><span class=\"su-custom-gallery-title\">WS EasyFinish<\/span><\/a><\/div><div class=\"su-custom-gallery-slide\" style=\"width:165px;height:165px\"><a href=\"https:\/\/debowymlyn.pl\/de\/lobadur_primaseal-2\/\" title=\"PrimaSeal\"><img loading=\"lazy\" decoding=\"async\" src=\"https:\/\/debowymlyn.pl\/wp-content\/uploads\/chemia\/loba\/lobadur_primaseal-2-165x165.jpg\" alt=\"PrimaSeal\" width=\"165\" height=\"165\" \/><span class=\"su-custom-gallery-title\">PrimaSeal<\/span><\/a><\/div><div class=\"su-custom-gallery-slide\" style=\"width:165px;height:165px\"><a href=\"https:\/\/debowymlyn.pl\/de\/lobadur_duofill\/\" title=\"2K DuoFill A.T.\"><img loading=\"lazy\" decoding=\"async\" src=\"https:\/\/debowymlyn.pl\/wp-content\/uploads\/chemia\/loba\/lobadur_duofill-165x165.jpg\" alt=\"2K DuoFill A.T.\" width=\"165\" height=\"165\" \/><span class=\"su-custom-gallery-title\">2K DuoFill A.T.<\/span><\/a><\/div><div class=\"su-custom-gallery-slide\" style=\"width:165px;height:165px\"><a href=\"https:\/\/debowymlyn.pl\/de\/lobacare_waxremover-2\/\" title=\"LOBA\u00ae WaxRemover\"><img loading=\"lazy\" decoding=\"async\" src=\"https:\/\/debowymlyn.pl\/wp-content\/uploads\/chemia\/loba\/LOBACARE_WaxRemover-2-165x165.jpg\" alt=\"LOBA\u00ae WaxRemover\" width=\"165\" height=\"165\" \/><span class=\"su-custom-gallery-title\">LOBA\u00ae WaxRemover<\/span><\/a><\/div><div class=\"su-custom-gallery-slide\" style=\"width:165px;height:165px\"><a href=\"https:\/\/debowymlyn.pl\/de\/lobacare_waxcleaner-2\/\" title=\"WaxCleaner\"><img loading=\"lazy\" decoding=\"async\" src=\"https:\/\/debowymlyn.pl\/wp-content\/uploads\/chemia\/loba\/lobacare_waxcleaner-2-165x165.jpg\" alt=\"WaxCleaner\" width=\"165\" height=\"165\" \/><span class=\"su-custom-gallery-title\">WaxCleaner<\/span><\/a><\/div><div class=\"su-custom-gallery-slide\" style=\"width:165px;height:165px\"><a href=\"https:\/\/debowymlyn.pl\/de\/lobacare_parkettsoap-2\/\" title=\"ParkettSoap\"><img loading=\"lazy\" decoding=\"async\" src=\"https:\/\/debowymlyn.pl\/wp-content\/uploads\/chemia\/loba\/LOBACARE_ParkettSoap-2-165x165.jpg\" alt=\"ParkettSoap\" width=\"165\" height=\"165\" \/><span class=\"su-custom-gallery-title\">ParkettSoap<\/span><\/a><\/div><div class=\"su-custom-gallery-slide\" style=\"width:165px;height:165px\"><a href=\"https:\/\/debowymlyn.pl\/de\/lobacare_parkettwax-2\/\" title=\"ParkettWax\"><img loading=\"lazy\" decoding=\"async\" src=\"https:\/\/debowymlyn.pl\/wp-content\/uploads\/chemia\/loba\/lobacare_parkettwax-2-165x165.jpg\" alt=\"ParkettWax\" width=\"165\" height=\"165\" \/><span class=\"su-custom-gallery-title\">ParkettWax<\/span><\/a><\/div><div class=\"su-custom-gallery-slide\" style=\"width:165px;height:165px\"><a href=\"https:\/\/debowymlyn.pl\/de\/lobacare_parkettoildeluxe-2\/\" title=\"ParkettOil Deluxe\"><img loading=\"lazy\" decoding=\"async\" src=\"https:\/\/debowymlyn.pl\/wp-content\/uploads\/chemia\/loba\/lobacare_parkettoildeluxe-2-165x165.jpg\" alt=\"ParkettOil Deluxe\" width=\"165\" height=\"165\" \/><span class=\"su-custom-gallery-title\">ParkettOil Deluxe<\/span><\/a><\/div><div class=\"su-custom-gallery-slide\" style=\"width:165px;height:165px\"><a href=\"https:\/\/debowymlyn.pl\/de\/lobacare_parkettoil-2\/\" title=\"ParkettOil\"><img loading=\"lazy\" decoding=\"async\" src=\"https:\/\/debowymlyn.pl\/wp-content\/uploads\/chemia\/loba\/LOBACARE_ParkettOil-2-165x165.jpg\" alt=\"ParkettOil\" width=\"165\" height=\"165\" \/><span class=\"su-custom-gallery-title\">ParkettOil<\/span><\/a><\/div><div class=\"su-custom-gallery-slide\" style=\"width:165px;height:165px\"><a href=\"https:\/\/debowymlyn.pl\/de\/lobacare_cleaner-2\/\" title=\"Cleaner\"><img loading=\"lazy\" decoding=\"async\" src=\"https:\/\/debowymlyn.pl\/wp-content\/uploads\/chemia\/loba\/lobacare_cleaner-2-165x165.jpg\" alt=\"Cleaner\" width=\"165\" height=\"165\" \/><span class=\"su-custom-gallery-title\">Cleaner<\/span><\/a><\/div><div class=\"su-custom-gallery-slide\" style=\"width:165px;height:165px\"><a href=\"https:\/\/debowymlyn.pl\/de\/lobacare_parkettcare-2\/\" title=\"ParkettCare\"><img loading=\"lazy\" decoding=\"async\" src=\"https:\/\/debowymlyn.pl\/wp-content\/uploads\/chemia\/loba\/LOBACARE_ParkettCare-2-165x165.jpg\" alt=\"ParkettCare\" width=\"165\" height=\"165\" \/><span class=\"su-custom-gallery-title\">ParkettCare<\/span><\/a><\/div><div class=\"su-custom-gallery-slide\" style=\"width:165px;height:165px\"><a href=\"https:\/\/debowymlyn.pl\/de\/lobacare_careremover-2\/\" title=\"CareRemover\"><img loading=\"lazy\" decoding=\"async\" src=\"https:\/\/debowymlyn.pl\/wp-content\/uploads\/chemia\/loba\/LOBACARE_CareRemover-2-165x165.jpg\" alt=\"CareRemover\" width=\"165\" height=\"165\" \/><span class=\"su-custom-gallery-title\">CareRemover<\/span><\/a><\/div><div class=\"su-custom-gallery-slide\" style=\"width:165px;height:165px\"><a href=\"https:\/\/debowymlyn.pl\/de\/lobacare_carecleaner-2\/\" title=\"CareCleaner\"><img loading=\"lazy\" decoding=\"async\" src=\"https:\/\/debowymlyn.pl\/wp-content\/uploads\/chemia\/loba\/lobacare_carecleaner-2-165x165.jpg\" alt=\"CareCleaner\" width=\"165\" height=\"165\" \/><span class=\"su-custom-gallery-title\">CareCleaner<\/span><\/a><\/div><div class=\"su-custom-gallery-slide\" style=\"width:165px;height:165px\"><a href=\"https:\/\/debowymlyn.pl\/de\/loba_naturewax-2\/\" title=\"NatureWax\"><img loading=\"lazy\" decoding=\"async\" src=\"https:\/\/debowymlyn.pl\/wp-content\/uploads\/chemia\/loba\/loba_naturewax-2-165x165.jpg\" alt=\"NatureWax\" width=\"165\" height=\"165\" \/><span class=\"su-custom-gallery-title\">NatureWax<\/span><\/a><\/div><div class=\"su-custom-gallery-slide\" style=\"width:165px;height:165px\"><a href=\"https:\/\/debowymlyn.pl\/de\/loba_natureoil-2\/\" title=\"NatureOil\"><img loading=\"lazy\" decoding=\"async\" src=\"https:\/\/debowymlyn.pl\/wp-content\/uploads\/chemia\/loba\/loba_natureoil-2-165x165.jpg\" alt=\"NatureOil\" width=\"165\" height=\"165\" \/><span class=\"su-custom-gallery-title\">NatureOil<\/span><\/a><\/div><div class=\"su-clear\"><\/div><\/div>[\/slb_group]\n<\/div>\n<div class=\"su-tabs-pane su-u-clearfix su-u-trim\" data-title=\"Wakol\">\n[slb_group id=&#8220;chemia-wakol&#8220;]<div class=\"su-custom-gallery su-custom-gallery-align-left su-custom-gallery-title-onmouseover column_image\"><div class=\"su-custom-gallery-slide\" style=\"width:165px;height:165px\"><a href=\"https:\/\/debowymlyn.pl\/de\/wakol-z-615\/\" title=\"WAKOL Z 615\"><img loading=\"lazy\" decoding=\"async\" src=\"https:\/\/debowymlyn.pl\/wp-content\/uploads\/chemia\/wakol\/WAKOL-Z-615-165x165.jpg\" alt=\"WAKOL Z 615\" width=\"165\" height=\"165\" \/><span class=\"su-custom-gallery-title\">WAKOL Z 615<\/span><\/a><\/div><div class=\"su-custom-gallery-slide\" style=\"width:165px;height:165px\"><a href=\"https:\/\/debowymlyn.pl\/de\/wakol-z-645\/\" title=\"WAKOL Z 645\"><img loading=\"lazy\" decoding=\"async\" src=\"https:\/\/debowymlyn.pl\/wp-content\/uploads\/chemia\/wakol\/WAKOL-Z-645-165x165.jpg\" alt=\"WAKOL Z 645\" width=\"165\" height=\"165\" \/><span class=\"su-custom-gallery-title\">WAKOL Z 645<\/span><\/a><\/div><div class=\"su-custom-gallery-slide\" style=\"width:165px;height:165px\"><a href=\"https:\/\/debowymlyn.pl\/de\/wakol-ms-240\/\" title=\"WAKOL MS 240\"><img loading=\"lazy\" decoding=\"async\" src=\"https:\/\/debowymlyn.pl\/wp-content\/uploads\/chemia\/wakol\/WAKOL-MS-240-165x165.jpg\" alt=\"WAKOL MS 240\" width=\"165\" height=\"165\" \/><span class=\"su-custom-gallery-title\">WAKOL MS 240<\/span><\/a><\/div><div class=\"su-custom-gallery-slide\" style=\"width:165px;height:165px\"><a href=\"https:\/\/debowymlyn.pl\/de\/wakol-ps-275\/\" title=\"WAKOL PS 275\"><img loading=\"lazy\" decoding=\"async\" src=\"https:\/\/debowymlyn.pl\/wp-content\/uploads\/chemia\/wakol\/WAKOL-PS-275-165x165.jpg\" alt=\"WAKOL PS 275\" width=\"165\" height=\"165\" \/><span class=\"su-custom-gallery-title\">WAKOL PS 275<\/span><\/a><\/div><div class=\"su-custom-gallery-slide\" style=\"width:165px;height:165px\"><a href=\"https:\/\/debowymlyn.pl\/de\/wakol-pu-280\/\" title=\"WAKOL PU 280\"><img loading=\"lazy\" decoding=\"async\" src=\"https:\/\/debowymlyn.pl\/wp-content\/uploads\/chemia\/wakol\/WAKOL-PU-280-165x165.jpg\" alt=\"WAKOL PU 280\" width=\"165\" height=\"165\" \/><span class=\"su-custom-gallery-title\">WAKOL PU 280<\/span><\/a><\/div><div class=\"su-custom-gallery-slide\" style=\"width:165px;height:165px\"><a href=\"https:\/\/debowymlyn.pl\/de\/wakol-pu-215\/\" title=\"WAKOL PU 215\"><img loading=\"lazy\" decoding=\"async\" src=\"https:\/\/debowymlyn.pl\/wp-content\/uploads\/chemia\/wakol\/WAKOL-PU-215-165x165.jpg\" alt=\"WAKOL PU 215\" width=\"165\" height=\"165\" \/><span class=\"su-custom-gallery-title\">WAKOL PU 215<\/span><\/a><\/div><div class=\"su-custom-gallery-slide\" style=\"width:165px;height:165px\"><a href=\"https:\/\/debowymlyn.pl\/de\/wakol-ms-260\/\" title=\"WAKOL MS 260\"><img loading=\"lazy\" decoding=\"async\" src=\"https:\/\/debowymlyn.pl\/wp-content\/uploads\/chemia\/wakol\/WAKOL-MS-260-165x165.jpg\" alt=\"WAKOL MS 260\" width=\"165\" height=\"165\" \/><span class=\"su-custom-gallery-title\">WAKOL MS 260<\/span><\/a><\/div><div class=\"su-custom-gallery-slide\" style=\"width:165px;height:165px\"><a href=\"https:\/\/debowymlyn.pl\/de\/wakol-pu-225\/\" title=\"WAKOL PU 225\"><img loading=\"lazy\" decoding=\"async\" src=\"https:\/\/debowymlyn.pl\/wp-content\/uploads\/chemia\/wakol\/WAKOL-PU-225-165x165.jpg\" alt=\"WAKOL PU 225\" width=\"165\" height=\"165\" \/><span class=\"su-custom-gallery-title\">WAKOL PU 225<\/span><\/a><\/div><div class=\"su-clear\"><\/div><\/div>[\/slb_group]\n<\/div><\/div><\/div>\n<div class=\"su-column su-column-size-1-1 podstrona su-column-centered\"><div class=\"su-column-inner su-u-clearfix su-u-trim\">\nEgal ob daheim, im B\u00fcro, Hotel, Restaurant oder in der Industrie ben\u00f6tigen Fu\u00dfb\u00f6den eine professionelle Montage und Pflege, damit sie wundersch\u00f6n aussehen und \u00fcber viele Jahre einsatzbereit bleiben. Behilflich sind dabei Grundierungsmittel, hochwertige Klebstoffe f\u00fcr die Montage des Mosaikparketts, Laminatb\u00f6den oder Holzdielen wie auch Pflege\u00f6le oder Fl\u00fcssigkeiten zur Reinigung, zum Wachsen und f\u00fcr den Schutz vor Verschmutzungen.<\/p>\n<p>Wir empfehlen bew\u00e4hrte L\u00f6sungen deutscher Hersteller wie Loba und Wakol, die besten Ruf weltweit unter Privatpersonen und Profis genie\u00dfen. Jedes chemische Mittel ist auf die unterschiedlichen Oberfl\u00e4chen zugeschnitten und weist andere Einsatzbereiche auf. Beispielsweise bew\u00e4hrt sich der WaxCleaner hervorragend f\u00fcr ge\u00f6lte Fu\u00dfb\u00f6den und verleiht ihnen Glanz. Dieses Mittel ist auch f\u00fcr R\u00e4ume geeignet, in denen Kinder spielen und hohes Aufkommen gibt, weil es eine Antirutsch-Beschichtung bildet. Personen, die das Haus renovieren und neue Fu\u00dfb\u00f6den verlegen, werden mit Sicherheit an der Ausgleichs- und Spachtelmasse von Wakol Gefallen finden. Bei Ausbau- und Renovierungsarbeiten wird sich hingegen der Spaltenf\u00fcllstoff als n\u00fctzlich erweisen, der in die Vertiefungen nach N\u00e4geln und in Fugen eindringt.<\/p>\n<p>Nachdem die Wand verfugt und die Fu\u00dfb\u00f6den am Untergrund befestigt wurden, ist die Kr\u00f6nung an der Reihe und zwar die elegant aussehenden Dielen oder das Mosaikparkett. Um diesen Effekt lange beizubehalten, sind Lacke, \u00d6le, Wachse wie auch Reinigungs- und Pflegemittel f\u00fcr Holz unerl\u00e4sslich. Schlie\u00dflich gilt gutes Aussehen als oberste Priorit\u00e4t.<br \/>\n<\/div><\/div>","protected":false},"excerpt":{"rendered":"","protected":false},"author":2,"featured_media":0,"parent":0,"menu_order":5,"comment_status":"closed","ping_status":"closed","template":"page-fullwidth.php","meta":{"inline_featured_image":false,"footnotes":""},"class_list":["post-948","page","type-page","status-publish","hentry"],"yoast_head":"<!-- This site is optimized with the Yoast SEO plugin v26.8 - https:\/\/yoast.com\/product\/yoast-seo-wordpress\/ -->\n<title>Chemia do Pod\u0142\u00f3g - Impregnaty Wakol, Loba - D\u0119bowy M\u0142yn<\/title>\n<meta name=\"description\" content=\"Proponujemy sprawdzone rozwi\u0105zania od niemieckich producent\u00f3w \u2013 Loba i Wakol, kt\u00f3re ciesz\u0105 si\u0119 uznaniem, zar\u00f3wno w\u015br\u00f3d os\u00f3b prywatnych, jak i fachowc\u00f3w.\" \/>\n<meta name=\"robots\" content=\"index, follow, max-snippet:-1, max-image-preview:large, max-video-preview:-1\" \/>\n<link rel=\"canonical\" href=\"https:\/\/debowymlyn.pl\/chemia\/\" \/>\n<meta property=\"og:locale\" content=\"de_DE\" \/>\n<meta property=\"og:type\" content=\"article\" \/>\n<meta property=\"og:title\" content=\"Chemia do Pod\u0142\u00f3g - Impregnaty Wakol, Loba - D\u0119bowy M\u0142yn\" \/>\n<meta property=\"og:description\" content=\"Proponujemy sprawdzone rozwi\u0105zania od niemieckich producent\u00f3w \u2013 Loba i Wakol, kt\u00f3re ciesz\u0105 si\u0119 uznaniem, zar\u00f3wno w\u015br\u00f3d os\u00f3b prywatnych, jak i fachowc\u00f3w.\" \/>\n<meta property=\"og:url\" content=\"https:\/\/debowymlyn.pl\/chemia\/\" \/>\n<meta property=\"og:site_name\" content=\"Holzfu\u00dfbodengesch\u00e4ft &quot;D\u0119bowy M\u0142yn&quot;\" \/>\n<meta property=\"article:modified_time\" content=\"2023-10-30T11:35:12+00:00\" \/>\n<meta name=\"twitter:card\" content=\"summary_large_image\" \/>\n<meta name=\"twitter:label1\" content=\"Gesch\u00e4tzte Lesezeit\" \/>\n\t<meta name=\"twitter:data1\" content=\"5\u00a0Minuten\" \/>\n<script type=\"application\/ld+json\" class=\"yoast-schema-graph\">{\"@context\":\"https:\/\/schema.org\",\"@graph\":[{\"@type\":\"WebPage\",\"@id\":\"https:\/\/debowymlyn.pl\/chemia\/\",\"url\":\"https:\/\/debowymlyn.pl\/chemia\/\",\"name\":\"Chemia do Pod\u0142\u00f3g - Impregnaty Wakol, Loba - D\u0119bowy M\u0142yn\",\"isPartOf\":{\"@id\":\"https:\/\/debowymlyn.pl\/#website\"},\"datePublished\":\"2015-12-11T15:13:38+00:00\",\"dateModified\":\"2023-10-30T11:35:12+00:00\",\"description\":\"Proponujemy sprawdzone rozwi\u0105zania od niemieckich producent\u00f3w \u2013 Loba i Wakol, kt\u00f3re ciesz\u0105 si\u0119 uznaniem, zar\u00f3wno w\u015br\u00f3d os\u00f3b prywatnych, jak i fachowc\u00f3w.\",\"breadcrumb\":{\"@id\":\"https:\/\/debowymlyn.pl\/chemia\/#breadcrumb\"},\"inLanguage\":\"de\",\"potentialAction\":[{\"@type\":\"ReadAction\",\"target\":[\"https:\/\/debowymlyn.pl\/chemia\/\"]}]},{\"@type\":\"BreadcrumbList\",\"@id\":\"https:\/\/debowymlyn.pl\/chemia\/#breadcrumb\",\"itemListElement\":[{\"@type\":\"ListItem\",\"position\":1,\"name\":\"Strona g\u0142\u00f3wna\",\"item\":\"https:\/\/debowymlyn.pl\/\"},{\"@type\":\"ListItem\",\"position\":2,\"name\":\"Chemia\"}]},{\"@type\":\"WebSite\",\"@id\":\"https:\/\/debowymlyn.pl\/#website\",\"url\":\"https:\/\/debowymlyn.pl\/\",\"name\":\"Holzfu\u00dfbodengesch\u00e4ft &quot;D\u0119bowy M\u0142yn&quot;\",\"description\":\"\",\"potentialAction\":[{\"@type\":\"SearchAction\",\"target\":{\"@type\":\"EntryPoint\",\"urlTemplate\":\"https:\/\/debowymlyn.pl\/?s={search_term_string}\"},\"query-input\":{\"@type\":\"PropertyValueSpecification\",\"valueRequired\":true,\"valueName\":\"search_term_string\"}}],\"inLanguage\":\"de\"}]}<\/script>\n<!-- \/ Yoast SEO plugin. -->","yoast_head_json":{"title":"Chemia do Pod\u0142\u00f3g - Impregnaty Wakol, Loba - D\u0119bowy M\u0142yn","description":"Proponujemy sprawdzone rozwi\u0105zania od niemieckich producent\u00f3w \u2013 Loba i Wakol, kt\u00f3re ciesz\u0105 si\u0119 uznaniem, zar\u00f3wno w\u015br\u00f3d os\u00f3b prywatnych, jak i fachowc\u00f3w.","robots":{"index":"index","follow":"follow","max-snippet":"max-snippet:-1","max-image-preview":"max-image-preview:large","max-video-preview":"max-video-preview:-1"},"canonical":"https:\/\/debowymlyn.pl\/chemia\/","og_locale":"de_DE","og_type":"article","og_title":"Chemia do Pod\u0142\u00f3g - Impregnaty Wakol, Loba - D\u0119bowy M\u0142yn","og_description":"Proponujemy sprawdzone rozwi\u0105zania od niemieckich producent\u00f3w \u2013 Loba i Wakol, kt\u00f3re ciesz\u0105 si\u0119 uznaniem, zar\u00f3wno w\u015br\u00f3d os\u00f3b prywatnych, jak i fachowc\u00f3w.","og_url":"https:\/\/debowymlyn.pl\/chemia\/","og_site_name":"Holzfu\u00dfbodengesch\u00e4ft &quot;D\u0119bowy M\u0142yn&quot;","article_modified_time":"2023-10-30T11:35:12+00:00","twitter_card":"summary_large_image","twitter_misc":{"Gesch\u00e4tzte Lesezeit":"5\u00a0Minuten"},"schema":{"@context":"https:\/\/schema.org","@graph":[{"@type":"WebPage","@id":"https:\/\/debowymlyn.pl\/chemia\/","url":"https:\/\/debowymlyn.pl\/chemia\/","name":"Chemia do Pod\u0142\u00f3g - Impregnaty Wakol, Loba - D\u0119bowy M\u0142yn","isPartOf":{"@id":"https:\/\/debowymlyn.pl\/#website"},"datePublished":"2015-12-11T15:13:38+00:00","dateModified":"2023-10-30T11:35:12+00:00","description":"Proponujemy sprawdzone rozwi\u0105zania od niemieckich producent\u00f3w \u2013 Loba i Wakol, kt\u00f3re ciesz\u0105 si\u0119 uznaniem, zar\u00f3wno w\u015br\u00f3d os\u00f3b prywatnych, jak i fachowc\u00f3w.","breadcrumb":{"@id":"https:\/\/debowymlyn.pl\/chemia\/#breadcrumb"},"inLanguage":"de","potentialAction":[{"@type":"ReadAction","target":["https:\/\/debowymlyn.pl\/chemia\/"]}]},{"@type":"BreadcrumbList","@id":"https:\/\/debowymlyn.pl\/chemia\/#breadcrumb","itemListElement":[{"@type":"ListItem","position":1,"name":"Strona g\u0142\u00f3wna","item":"https:\/\/debowymlyn.pl\/"},{"@type":"ListItem","position":2,"name":"Chemia"}]},{"@type":"WebSite","@id":"https:\/\/debowymlyn.pl\/#website","url":"https:\/\/debowymlyn.pl\/","name":"Holzfu\u00dfbodengesch\u00e4ft &quot;D\u0119bowy M\u0142yn&quot;","description":"","potentialAction":[{"@type":"SearchAction","target":{"@type":"EntryPoint","urlTemplate":"https:\/\/debowymlyn.pl\/?s={search_term_string}"},"query-input":{"@type":"PropertyValueSpecification","valueRequired":true,"valueName":"search_term_string"}}],"inLanguage":"de"}]}},"_links":{"self":[{"href":"https:\/\/debowymlyn.pl\/de\/wp-json\/wp\/v2\/pages\/948","targetHints":{"allow":["GET"]}}],"collection":[{"href":"https:\/\/debowymlyn.pl\/de\/wp-json\/wp\/v2\/pages"}],"about":[{"href":"https:\/\/debowymlyn.pl\/de\/wp-json\/wp\/v2\/types\/page"}],"author":[{"embeddable":true,"href":"https:\/\/debowymlyn.pl\/de\/wp-json\/wp\/v2\/users\/2"}],"replies":[{"embeddable":true,"href":"https:\/\/debowymlyn.pl\/de\/wp-json\/wp\/v2\/comments?post=948"}],"version-history":[{"count":10,"href":"https:\/\/debowymlyn.pl\/de\/wp-json\/wp\/v2\/pages\/948\/revisions"}],"predecessor-version":[{"id":3084,"href":"https:\/\/debowymlyn.pl\/de\/wp-json\/wp\/v2\/pages\/948\/revisions\/3084"}],"wp:attachment":[{"href":"https:\/\/debowymlyn.pl\/de\/wp-json\/wp\/v2\/media?parent=948"}],"curies":[{"name":"wp","href":"https:\/\/api.w.org\/{rel}","templated":true}]}}