{"id":952,"date":"2015-12-11T16:14:50","date_gmt":"2015-12-11T15:14:50","guid":{"rendered":"http:\/\/debowymlyn.pl\/?page_id=952"},"modified":"2023-09-29T09:47:49","modified_gmt":"2023-09-29T07:47:49","slug":"nasi-dostawcy","status":"publish","type":"page","link":"https:\/\/debowymlyn.pl\/de\/nasi-dostawcy\/","title":{"rendered":"Unsere Lieferanten"},"content":{"rendered":"<div class=\"su-row\">\n<div class=\"su-column su-column-size-1-3\"><div class=\"su-column-inner su-u-clearfix su-u-trim\">\n<img loading=\"lazy\" decoding=\"async\" src=\"http:\/\/debowymlyn.pl\/wp-content\/uploads\/logotypy\/logo_flooria_jablonski.png\" alt=\"logo_flooria_jablonski\" width=\"310\" height=\"120\" class=\"aligncenter size-full wp-image-1022\" srcset=\"https:\/\/debowymlyn.pl\/wp-content\/uploads\/logotypy\/logo_flooria_jablonski.png 310w, https:\/\/debowymlyn.pl\/wp-content\/uploads\/logotypy\/logo_flooria_jablonski-300x116.png 300w\" sizes=\"auto, (max-width: 310px) 100vw, 310px\" \/><\/p>\n<p style=\"text-align:center;\">Zak\u0142ad Stolarski Sylwester Jab\u0142o\u0144ski<\/p>\n<\/div><\/div>\n<div class=\"su-column su-column-size-1-3\"><div class=\"su-column-inner su-u-clearfix su-u-trim\">\n<img loading=\"lazy\" decoding=\"async\" src=\"http:\/\/debowymlyn.pl\/wp-content\/uploads\/logotypy\/logo_chapelparket.png\" alt=\"logo_chapelparket\" width=\"231\" height=\"120\" class=\"aligncenter size-full wp-image-1024\" \/><\/p>\n<p style=\"text-align:center;\">Chapel Parket Polska Sp. z o.o.<\/p>\n<\/div><\/div>\n<div class=\"su-column su-column-size-1-3 su-column-last\"><div class=\"su-column-inner su-u-clearfix su-u-trim\">\n<img loading=\"lazy\" decoding=\"async\" src=\"http:\/\/debowymlyn.pl\/wp-content\/uploads\/logotypy\/logo_silvadec.png\" alt=\"logo_silvadec\" width=\"303\" height=\"120\" class=\"aligncenter size-full wp-image-1020\" srcset=\"https:\/\/debowymlyn.pl\/wp-content\/uploads\/logotypy\/logo_silvadec.png 303w, https:\/\/debowymlyn.pl\/wp-content\/uploads\/logotypy\/logo_silvadec-300x119.png 300w\" sizes=\"auto, (max-width: 303px) 100vw, 303px\" \/><\/p>\n<p style=\"text-align:center;\">Silvadec Polska<\/p>\n<\/div><\/div>\n<\/div>\n<div class=\"su-spacer\" style=\"height:20px\"><\/div>\n<div class=\"su-row\">\n<div class=\"su-column su-column-size-1-4\"><div class=\"su-column-inner su-u-clearfix su-u-trim\">\n<img loading=\"lazy\" decoding=\"async\" src=\"http:\/\/debowymlyn.pl\/wp-content\/uploads\/logotypy\/logo_dlh.png\" alt=\"logo_dlh\" width=\"173\" height=\"120\" class=\"aligncenter size-full wp-image-1023\" \/><\/p>\n<p style=\"text-align:center;\">DLH Poland Sp. z o.o.<\/p>\n<\/div><\/div>\n<div class=\"su-column su-column-size-1-2\"><div class=\"su-column-inner su-u-clearfix su-u-trim\">\n<img loading=\"lazy\" decoding=\"async\" src=\"http:\/\/debowymlyn.pl\/wp-content\/uploads\/logotypy\/logo_loba_wakol.png\" alt=\"logo_loba_wakol\" width=\"370\" height=\"120\" class=\"aligncenter size-full wp-image-1021\" srcset=\"https:\/\/debowymlyn.pl\/wp-content\/uploads\/logotypy\/logo_loba_wakol.png 370w, https:\/\/debowymlyn.pl\/wp-content\/uploads\/logotypy\/logo_loba_wakol-300x97.png 300w\" sizes=\"auto, (max-width: 370px) 100vw, 370px\" \/><\/p>\n<p style=\"text-align:center;\">Loba-Wakol Polska Sp. z o.o.<\/p>\n<\/div><\/div>\n<div class=\"su-column su-column-size-1-4 su-column-last\"><div class=\"su-column-inner su-u-clearfix su-u-trim\">\n<img loading=\"lazy\" decoding=\"async\" src=\"http:\/\/debowymlyn.pl\/wp-content\/uploads\/logotypy\/logo_walczak.png\" alt=\"logo_walczak\" width=\"142\" height=\"120\" class=\"aligncenter size-full wp-image-1885\" \/><\/p>\n<p style=\"text-align:center;\">WALCZAK sp. j.<\/p>\n<\/div><\/div>\n<\/div>\n<div class=\"su-spacer\" style=\"height:20px\"><\/div>\n<div class=\"su-row\">\n<div class=\"su-column su-column-size-1-4\"><div class=\"su-column-inner su-u-clearfix su-u-trim\">\n<img loading=\"lazy\" decoding=\"async\" src=\"http:\/\/debowymlyn.pl\/wp-content\/uploads\/logotypy\/logo_abaro.png\" alt=\"logo_abaro\" width=\"240\" height=\"120\" class=\"aligncenter size-full wp-image-1890\" \/><\/p>\n<p style=\"text-align:center;\">Abaro Pod\u0142ogi Drewniane<\/p>\n<\/div><\/div>\n<div class=\"su-column su-column-size-1-2\"><div class=\"su-column-inner su-u-clearfix su-u-trim\">\n<img loading=\"lazy\" decoding=\"async\" src=\"http:\/\/debowymlyn.pl\/wp-content\/uploads\/logotypy\/logo_jawor.png\" alt=\"logo_jawor\" width=\"479\" height=\"120\" class=\"aligncenter size-full wp-image-1889\" srcset=\"https:\/\/debowymlyn.pl\/wp-content\/uploads\/logotypy\/logo_jawor.png 479w, https:\/\/debowymlyn.pl\/wp-content\/uploads\/logotypy\/logo_jawor-300x75.png 300w\" sizes=\"auto, (max-width: 479px) 100vw, 479px\" \/><\/p>\n<p style=\"text-align:center;\">Przedsi\u0119biorstwo Drzewne &#8222;JAWOR&#8220;<\/p>\n<\/div><\/div>\n<div class=\"su-column su-column-size-1-4 su-column-last\"><div class=\"su-column-inner su-u-clearfix su-u-trim\">\n<\/div><\/div>\n<\/div>","protected":false},"excerpt":{"rendered":"","protected":false},"author":2,"featured_media":0,"parent":0,"menu_order":7,"comment_status":"closed","ping_status":"closed","template":"page-fullwidth.php","meta":{"inline_featured_image":false,"footnotes":""},"class_list":["post-952","page","type-page","status-publish","hentry"],"yoast_head":"<!-- This site is optimized with the Yoast SEO plugin v26.8 - https:\/\/yoast.com\/product\/yoast-seo-wordpress\/ -->\n<title>Dostawcy z kt\u00f3rymi wsp\u00f3\u0142pracujemy - &quot;D\u0119bowy M\u0142yn&quot;<\/title>\n<meta name=\"description\" content=\"Lista dostawc\u00f3w z kt\u00f3rymi aktualnie wsp\u00f3\u0142pracujemy w zakresie realizacji parkiet\u00f3w, taras\u00f3w oraz elewacji drewnianych.\" \/>\n<meta name=\"robots\" content=\"index, follow, max-snippet:-1, max-image-preview:large, max-video-preview:-1\" \/>\n<link rel=\"canonical\" href=\"https:\/\/debowymlyn.pl\/nasi-dostawcy\/\" \/>\n<meta property=\"og:locale\" content=\"de_DE\" \/>\n<meta property=\"og:type\" content=\"article\" \/>\n<meta property=\"og:title\" content=\"Dostawcy z kt\u00f3rymi wsp\u00f3\u0142pracujemy - &quot;D\u0119bowy M\u0142yn&quot;\" \/>\n<meta property=\"og:description\" content=\"Lista dostawc\u00f3w z kt\u00f3rymi aktualnie wsp\u00f3\u0142pracujemy w zakresie realizacji parkiet\u00f3w, taras\u00f3w oraz elewacji drewnianych.\" \/>\n<meta property=\"og:url\" content=\"https:\/\/debowymlyn.pl\/nasi-dostawcy\/\" \/>\n<meta property=\"og:site_name\" content=\"Holzfu\u00dfbodengesch\u00e4ft &quot;D\u0119bowy M\u0142yn&quot;\" \/>\n<meta property=\"article:modified_time\" content=\"2023-09-29T07:47:49+00:00\" \/>\n<meta property=\"og:image\" content=\"http:\/\/debowymlyn.pl\/wp-content\/uploads\/logotypy\/logo_flooria_jablonski.png\" \/>\n<meta name=\"twitter:card\" content=\"summary_large_image\" \/>\n<meta name=\"twitter:label1\" content=\"Gesch\u00e4tzte Lesezeit\" \/>\n\t<meta name=\"twitter:data1\" content=\"2\u00a0Minuten\" \/>\n<script type=\"application\/ld+json\" class=\"yoast-schema-graph\">{\"@context\":\"https:\/\/schema.org\",\"@graph\":[{\"@type\":\"WebPage\",\"@id\":\"https:\/\/debowymlyn.pl\/nasi-dostawcy\/\",\"url\":\"https:\/\/debowymlyn.pl\/nasi-dostawcy\/\",\"name\":\"Dostawcy z kt\u00f3rymi wsp\u00f3\u0142pracujemy - \\\"D\u0119bowy M\u0142yn\\\"\",\"isPartOf\":{\"@id\":\"https:\/\/debowymlyn.pl\/#website\"},\"primaryImageOfPage\":{\"@id\":\"https:\/\/debowymlyn.pl\/nasi-dostawcy\/#primaryimage\"},\"image\":{\"@id\":\"https:\/\/debowymlyn.pl\/nasi-dostawcy\/#primaryimage\"},\"thumbnailUrl\":\"http:\/\/debowymlyn.pl\/wp-content\/uploads\/logotypy\/logo_flooria_jablonski.png\",\"datePublished\":\"2015-12-11T15:14:50+00:00\",\"dateModified\":\"2023-09-29T07:47:49+00:00\",\"description\":\"Lista dostawc\u00f3w z kt\u00f3rymi aktualnie wsp\u00f3\u0142pracujemy w zakresie realizacji parkiet\u00f3w, taras\u00f3w oraz elewacji drewnianych.\",\"breadcrumb\":{\"@id\":\"https:\/\/debowymlyn.pl\/nasi-dostawcy\/#breadcrumb\"},\"inLanguage\":\"de\",\"potentialAction\":[{\"@type\":\"ReadAction\",\"target\":[\"https:\/\/debowymlyn.pl\/nasi-dostawcy\/\"]}]},{\"@type\":\"ImageObject\",\"inLanguage\":\"de\",\"@id\":\"https:\/\/debowymlyn.pl\/nasi-dostawcy\/#primaryimage\",\"url\":\"http:\/\/debowymlyn.pl\/wp-content\/uploads\/logotypy\/logo_flooria_jablonski.png\",\"contentUrl\":\"http:\/\/debowymlyn.pl\/wp-content\/uploads\/logotypy\/logo_flooria_jablonski.png\"},{\"@type\":\"BreadcrumbList\",\"@id\":\"https:\/\/debowymlyn.pl\/nasi-dostawcy\/#breadcrumb\",\"itemListElement\":[{\"@type\":\"ListItem\",\"position\":1,\"name\":\"Strona g\u0142\u00f3wna\",\"item\":\"https:\/\/debowymlyn.pl\/\"},{\"@type\":\"ListItem\",\"position\":2,\"name\":\"Nasi dostawcy\"}]},{\"@type\":\"WebSite\",\"@id\":\"https:\/\/debowymlyn.pl\/#website\",\"url\":\"https:\/\/debowymlyn.pl\/\",\"name\":\"Holzfu\u00dfbodengesch\u00e4ft &quot;D\u0119bowy M\u0142yn&quot;\",\"description\":\"\",\"potentialAction\":[{\"@type\":\"SearchAction\",\"target\":{\"@type\":\"EntryPoint\",\"urlTemplate\":\"https:\/\/debowymlyn.pl\/?s={search_term_string}\"},\"query-input\":{\"@type\":\"PropertyValueSpecification\",\"valueRequired\":true,\"valueName\":\"search_term_string\"}}],\"inLanguage\":\"de\"}]}<\/script>\n<!-- \/ Yoast SEO plugin. -->","yoast_head_json":{"title":"Dostawcy z kt\u00f3rymi wsp\u00f3\u0142pracujemy - \"D\u0119bowy M\u0142yn\"","description":"Lista dostawc\u00f3w z kt\u00f3rymi aktualnie wsp\u00f3\u0142pracujemy w zakresie realizacji parkiet\u00f3w, taras\u00f3w oraz elewacji drewnianych.","robots":{"index":"index","follow":"follow","max-snippet":"max-snippet:-1","max-image-preview":"max-image-preview:large","max-video-preview":"max-video-preview:-1"},"canonical":"https:\/\/debowymlyn.pl\/nasi-dostawcy\/","og_locale":"de_DE","og_type":"article","og_title":"Dostawcy z kt\u00f3rymi wsp\u00f3\u0142pracujemy - \"D\u0119bowy M\u0142yn\"","og_description":"Lista dostawc\u00f3w z kt\u00f3rymi aktualnie wsp\u00f3\u0142pracujemy w zakresie realizacji parkiet\u00f3w, taras\u00f3w oraz elewacji drewnianych.","og_url":"https:\/\/debowymlyn.pl\/nasi-dostawcy\/","og_site_name":"Holzfu\u00dfbodengesch\u00e4ft &quot;D\u0119bowy M\u0142yn&quot;","article_modified_time":"2023-09-29T07:47:49+00:00","og_image":[{"url":"http:\/\/debowymlyn.pl\/wp-content\/uploads\/logotypy\/logo_flooria_jablonski.png","type":"","width":"","height":""}],"twitter_card":"summary_large_image","twitter_misc":{"Gesch\u00e4tzte Lesezeit":"2\u00a0Minuten"},"schema":{"@context":"https:\/\/schema.org","@graph":[{"@type":"WebPage","@id":"https:\/\/debowymlyn.pl\/nasi-dostawcy\/","url":"https:\/\/debowymlyn.pl\/nasi-dostawcy\/","name":"Dostawcy z kt\u00f3rymi wsp\u00f3\u0142pracujemy - \"D\u0119bowy M\u0142yn\"","isPartOf":{"@id":"https:\/\/debowymlyn.pl\/#website"},"primaryImageOfPage":{"@id":"https:\/\/debowymlyn.pl\/nasi-dostawcy\/#primaryimage"},"image":{"@id":"https:\/\/debowymlyn.pl\/nasi-dostawcy\/#primaryimage"},"thumbnailUrl":"http:\/\/debowymlyn.pl\/wp-content\/uploads\/logotypy\/logo_flooria_jablonski.png","datePublished":"2015-12-11T15:14:50+00:00","dateModified":"2023-09-29T07:47:49+00:00","description":"Lista dostawc\u00f3w z kt\u00f3rymi aktualnie wsp\u00f3\u0142pracujemy w zakresie realizacji parkiet\u00f3w, taras\u00f3w oraz elewacji drewnianych.","breadcrumb":{"@id":"https:\/\/debowymlyn.pl\/nasi-dostawcy\/#breadcrumb"},"inLanguage":"de","potentialAction":[{"@type":"ReadAction","target":["https:\/\/debowymlyn.pl\/nasi-dostawcy\/"]}]},{"@type":"ImageObject","inLanguage":"de","@id":"https:\/\/debowymlyn.pl\/nasi-dostawcy\/#primaryimage","url":"http:\/\/debowymlyn.pl\/wp-content\/uploads\/logotypy\/logo_flooria_jablonski.png","contentUrl":"http:\/\/debowymlyn.pl\/wp-content\/uploads\/logotypy\/logo_flooria_jablonski.png"},{"@type":"BreadcrumbList","@id":"https:\/\/debowymlyn.pl\/nasi-dostawcy\/#breadcrumb","itemListElement":[{"@type":"ListItem","position":1,"name":"Strona g\u0142\u00f3wna","item":"https:\/\/debowymlyn.pl\/"},{"@type":"ListItem","position":2,"name":"Nasi dostawcy"}]},{"@type":"WebSite","@id":"https:\/\/debowymlyn.pl\/#website","url":"https:\/\/debowymlyn.pl\/","name":"Holzfu\u00dfbodengesch\u00e4ft &quot;D\u0119bowy M\u0142yn&quot;","description":"","potentialAction":[{"@type":"SearchAction","target":{"@type":"EntryPoint","urlTemplate":"https:\/\/debowymlyn.pl\/?s={search_term_string}"},"query-input":{"@type":"PropertyValueSpecification","valueRequired":true,"valueName":"search_term_string"}}],"inLanguage":"de"}]}},"_links":{"self":[{"href":"https:\/\/debowymlyn.pl\/de\/wp-json\/wp\/v2\/pages\/952","targetHints":{"allow":["GET"]}}],"collection":[{"href":"https:\/\/debowymlyn.pl\/de\/wp-json\/wp\/v2\/pages"}],"about":[{"href":"https:\/\/debowymlyn.pl\/de\/wp-json\/wp\/v2\/types\/page"}],"author":[{"embeddable":true,"href":"https:\/\/debowymlyn.pl\/de\/wp-json\/wp\/v2\/users\/2"}],"replies":[{"embeddable":true,"href":"https:\/\/debowymlyn.pl\/de\/wp-json\/wp\/v2\/comments?post=952"}],"version-history":[{"count":57,"href":"https:\/\/debowymlyn.pl\/de\/wp-json\/wp\/v2\/pages\/952\/revisions"}],"predecessor-version":[{"id":3056,"href":"https:\/\/debowymlyn.pl\/de\/wp-json\/wp\/v2\/pages\/952\/revisions\/3056"}],"wp:attachment":[{"href":"https:\/\/debowymlyn.pl\/de\/wp-json\/wp\/v2\/media?parent=952"}],"curies":[{"name":"wp","href":"https:\/\/api.w.org\/{rel}","templated":true}]}}