{"id":22,"date":"2013-07-26T21:27:43","date_gmt":"2013-07-26T19:27:43","guid":{"rendered":"http:\/\/themes.kadencethemes.com\/virtue\/?page_id=22"},"modified":"2023-10-10T14:20:12","modified_gmt":"2023-10-10T12:20:12","slug":"strona-glowna-2","status":"publish","type":"page","link":"https:\/\/debowymlyn.pl\/en\/","title":{"rendered":"Home"},"content":{"rendered":"<div class=\"su-column su-column-size-1-3 glowna\"><div class=\"su-column-inner su-u-clearfix su-u-trim\">\n<h3>Floors, terraces, facades, chemicals<\/h3>\n<p>We offer you natural Polish wood for flooring: oak floorboards, ash floorboards, thermo-ash floorboards, a wide assortment of exotic wood, parquet floors (among others French herringbone, Hungarian herringbone, palace mosaic), floor panels, wooden slats and skirtings, natural and composite terrace boards and wood for facades. Our offer includes chemicals for the care of floors and terraces: varnishes, adhesives, oil, wax for floor care.<br \/>\n<\/div><\/div>\n<div class=\"su-column su-column-size-1-3 glowna\"><div class=\"su-column-inner su-u-clearfix su-u-trim\">\n<h3>Flooring services<\/h3>\n<p>Wooden floors Store &#8220;D\u0119bowy M\u0142yn&#8221; employs people with 25 years\u2019 experience in providing high quality flooring services in the scope of laying new floors, parquet flooring, renovation of old floors, dust-free sanding and floor care. Wood floors (solid and layered boards) is not all we offer \u2013 we also lay sports floors, composite and natural terraces and facades. We operate mainly in Wielkopolska (Leszno, \u015arem, Pozna\u0144), but we also undertake major investments throughout the country and even abroad.<br \/>\n<\/div><\/div>\n<div class=\"su-column su-column-size-1-3 glowna su-column-last\"><div class=\"su-column-inner su-u-clearfix su-u-trim\">\n<h3>High quality for years<\/h3>\n<p>We corporate exclusively with selected suppliers, thereby guaranteeing high-quality wood for floors, terraces and facades, as well as products and chemicals for wood care: DLH, Silvadec, Chapel, Wakol, Loba, Flooria. &#8220;D\u0119bowy M\u0142yn&#8221; means many years of experience, expertise, professional consulting, comprehensive service and high-quality materials at a competitive price.<br \/>\n<\/div><\/div>","protected":false},"excerpt":{"rendered":"","protected":false},"author":2,"featured_media":0,"parent":0,"menu_order":0,"comment_status":"closed","ping_status":"closed","template":"","meta":{"inline_featured_image":false,"footnotes":""},"class_list":["post-22","page","type-page","status-publish","hentry"],"yoast_head":"<!-- This site is optimized with the Yoast SEO plugin v26.8 - https:\/\/yoast.com\/product\/yoast-seo-wordpress\/ -->\n<title>Parkiety Pozna\u0144 | Leszno - Salon pod\u0142\u00f3g drewnianych - D\u0119bowy M\u0142yn<\/title>\n<meta name=\"description\" content=\"Salon pod\u0142\u00f3g drewnianych &quot;D\u0119bowy M\u0142yn&quot; to ponad 25 lat do\u015bwiadczenia. Oferujemy pod\u0142ogi drewniane, parkiety i wysokiej jako\u015bci us\u0142ugi parkieciarskie, realizuj\u0105c zlecenia na terenie Poznania i Leszna. Sprawd\u017a nasz\u0105 ofert\u0119.\" \/>\n<meta name=\"robots\" content=\"index, follow, max-snippet:-1, max-image-preview:large, max-video-preview:-1\" \/>\n<link rel=\"canonical\" href=\"https:\/\/debowymlyn.pl\/\" \/>\n<meta property=\"og:locale\" content=\"en_US\" \/>\n<meta property=\"og:type\" content=\"article\" \/>\n<meta property=\"og:title\" content=\"Parkiety Pozna\u0144 | Leszno - Salon pod\u0142\u00f3g drewnianych - D\u0119bowy M\u0142yn\" \/>\n<meta property=\"og:description\" content=\"Salon pod\u0142\u00f3g drewnianych &quot;D\u0119bowy M\u0142yn&quot; to ponad 25 lat do\u015bwiadczenia. Oferujemy pod\u0142ogi drewniane, parkiety i wysokiej jako\u015bci us\u0142ugi parkieciarskie, realizuj\u0105c zlecenia na terenie Poznania i Leszna. Sprawd\u017a nasz\u0105 ofert\u0119.\" \/>\n<meta property=\"og:url\" content=\"https:\/\/debowymlyn.pl\/\" \/>\n<meta property=\"og:site_name\" content=\"Wooden Floors Store &quot;D\u0119bowy M\u0142yn&quot;\" \/>\n<meta property=\"article:modified_time\" content=\"2023-10-10T12:20:12+00:00\" \/>\n<meta property=\"og:image\" content=\"https:\/\/debowymlyn.pl\/wp-content\/uploads\/podlogi\/mozaiki\/palacowe\/w7a.jpg\" \/>\n<meta name=\"twitter:card\" content=\"summary_large_image\" \/>\n<meta name=\"twitter:label1\" content=\"Est. reading time\" \/>\n\t<meta name=\"twitter:data1\" content=\"10 minutes\" \/>\n<script type=\"application\/ld+json\" class=\"yoast-schema-graph\">{\"@context\":\"https:\/\/schema.org\",\"@graph\":[{\"@type\":\"WebPage\",\"@id\":\"https:\/\/debowymlyn.pl\/\",\"url\":\"https:\/\/debowymlyn.pl\/\",\"name\":\"Parkiety Pozna\u0144 | Leszno - Salon pod\u0142\u00f3g drewnianych - D\u0119bowy M\u0142yn\",\"isPartOf\":{\"@id\":\"https:\/\/debowymlyn.pl\/#website\"},\"primaryImageOfPage\":{\"@id\":\"https:\/\/debowymlyn.pl\/#primaryimage\"},\"image\":{\"@id\":\"https:\/\/debowymlyn.pl\/#primaryimage\"},\"thumbnailUrl\":\"https:\/\/debowymlyn.pl\/wp-content\/uploads\/podlogi\/mozaiki\/palacowe\/w7a.jpg\",\"datePublished\":\"2013-07-26T19:27:43+00:00\",\"dateModified\":\"2023-10-10T12:20:12+00:00\",\"description\":\"Salon pod\u0142\u00f3g drewnianych \\\"D\u0119bowy M\u0142yn\\\" to ponad 25 lat do\u015bwiadczenia. Oferujemy pod\u0142ogi drewniane, parkiety i wysokiej jako\u015bci us\u0142ugi parkieciarskie, realizuj\u0105c zlecenia na terenie Poznania i Leszna. Sprawd\u017a nasz\u0105 ofert\u0119.\",\"breadcrumb\":{\"@id\":\"https:\/\/debowymlyn.pl\/#breadcrumb\"},\"inLanguage\":\"en-US\",\"potentialAction\":[{\"@type\":\"ReadAction\",\"target\":[\"https:\/\/debowymlyn.pl\/\"]}]},{\"@type\":\"ImageObject\",\"inLanguage\":\"en-US\",\"@id\":\"https:\/\/debowymlyn.pl\/#primaryimage\",\"url\":\"https:\/\/debowymlyn.pl\/wp-content\/uploads\/podlogi\/mozaiki\/palacowe\/w7a.jpg\",\"contentUrl\":\"https:\/\/debowymlyn.pl\/wp-content\/uploads\/podlogi\/mozaiki\/palacowe\/w7a.jpg\"},{\"@type\":\"BreadcrumbList\",\"@id\":\"https:\/\/debowymlyn.pl\/#breadcrumb\",\"itemListElement\":[{\"@type\":\"ListItem\",\"position\":1,\"name\":\"Strona g\u0142\u00f3wna\",\"item\":\"https:\/\/debowymlyn.pl\/\"},{\"@type\":\"ListItem\",\"position\":2,\"name\":\"Strona g\u0142\u00f3wna\"}]},{\"@type\":\"WebSite\",\"@id\":\"https:\/\/debowymlyn.pl\/#website\",\"url\":\"https:\/\/debowymlyn.pl\/\",\"name\":\"Wooden Floors Store &quot;D\u0119bowy M\u0142yn&quot;\",\"description\":\"\",\"potentialAction\":[{\"@type\":\"SearchAction\",\"target\":{\"@type\":\"EntryPoint\",\"urlTemplate\":\"https:\/\/debowymlyn.pl\/?s={search_term_string}\"},\"query-input\":{\"@type\":\"PropertyValueSpecification\",\"valueRequired\":true,\"valueName\":\"search_term_string\"}}],\"inLanguage\":\"en-US\"}]}<\/script>\n<!-- \/ Yoast SEO plugin. -->","yoast_head_json":{"title":"Parkiety Pozna\u0144 | Leszno - Salon pod\u0142\u00f3g drewnianych - D\u0119bowy M\u0142yn","description":"Salon pod\u0142\u00f3g drewnianych \"D\u0119bowy M\u0142yn\" to ponad 25 lat do\u015bwiadczenia. Oferujemy pod\u0142ogi drewniane, parkiety i wysokiej jako\u015bci us\u0142ugi parkieciarskie, realizuj\u0105c zlecenia na terenie Poznania i Leszna. Sprawd\u017a nasz\u0105 ofert\u0119.","robots":{"index":"index","follow":"follow","max-snippet":"max-snippet:-1","max-image-preview":"max-image-preview:large","max-video-preview":"max-video-preview:-1"},"canonical":"https:\/\/debowymlyn.pl\/","og_locale":"en_US","og_type":"article","og_title":"Parkiety Pozna\u0144 | Leszno - Salon pod\u0142\u00f3g drewnianych - D\u0119bowy M\u0142yn","og_description":"Salon pod\u0142\u00f3g drewnianych \"D\u0119bowy M\u0142yn\" to ponad 25 lat do\u015bwiadczenia. Oferujemy pod\u0142ogi drewniane, parkiety i wysokiej jako\u015bci us\u0142ugi parkieciarskie, realizuj\u0105c zlecenia na terenie Poznania i Leszna. Sprawd\u017a nasz\u0105 ofert\u0119.","og_url":"https:\/\/debowymlyn.pl\/","og_site_name":"Wooden Floors Store &quot;D\u0119bowy M\u0142yn&quot;","article_modified_time":"2023-10-10T12:20:12+00:00","og_image":[{"url":"https:\/\/debowymlyn.pl\/wp-content\/uploads\/podlogi\/mozaiki\/palacowe\/w7a.jpg","type":"","width":"","height":""}],"twitter_card":"summary_large_image","twitter_misc":{"Est. reading time":"10 minutes"},"schema":{"@context":"https:\/\/schema.org","@graph":[{"@type":"WebPage","@id":"https:\/\/debowymlyn.pl\/","url":"https:\/\/debowymlyn.pl\/","name":"Parkiety Pozna\u0144 | Leszno - Salon pod\u0142\u00f3g drewnianych - D\u0119bowy M\u0142yn","isPartOf":{"@id":"https:\/\/debowymlyn.pl\/#website"},"primaryImageOfPage":{"@id":"https:\/\/debowymlyn.pl\/#primaryimage"},"image":{"@id":"https:\/\/debowymlyn.pl\/#primaryimage"},"thumbnailUrl":"https:\/\/debowymlyn.pl\/wp-content\/uploads\/podlogi\/mozaiki\/palacowe\/w7a.jpg","datePublished":"2013-07-26T19:27:43+00:00","dateModified":"2023-10-10T12:20:12+00:00","description":"Salon pod\u0142\u00f3g drewnianych \"D\u0119bowy M\u0142yn\" to ponad 25 lat do\u015bwiadczenia. Oferujemy pod\u0142ogi drewniane, parkiety i wysokiej jako\u015bci us\u0142ugi parkieciarskie, realizuj\u0105c zlecenia na terenie Poznania i Leszna. Sprawd\u017a nasz\u0105 ofert\u0119.","breadcrumb":{"@id":"https:\/\/debowymlyn.pl\/#breadcrumb"},"inLanguage":"en-US","potentialAction":[{"@type":"ReadAction","target":["https:\/\/debowymlyn.pl\/"]}]},{"@type":"ImageObject","inLanguage":"en-US","@id":"https:\/\/debowymlyn.pl\/#primaryimage","url":"https:\/\/debowymlyn.pl\/wp-content\/uploads\/podlogi\/mozaiki\/palacowe\/w7a.jpg","contentUrl":"https:\/\/debowymlyn.pl\/wp-content\/uploads\/podlogi\/mozaiki\/palacowe\/w7a.jpg"},{"@type":"BreadcrumbList","@id":"https:\/\/debowymlyn.pl\/#breadcrumb","itemListElement":[{"@type":"ListItem","position":1,"name":"Strona g\u0142\u00f3wna","item":"https:\/\/debowymlyn.pl\/"},{"@type":"ListItem","position":2,"name":"Strona g\u0142\u00f3wna"}]},{"@type":"WebSite","@id":"https:\/\/debowymlyn.pl\/#website","url":"https:\/\/debowymlyn.pl\/","name":"Wooden Floors Store &quot;D\u0119bowy M\u0142yn&quot;","description":"","potentialAction":[{"@type":"SearchAction","target":{"@type":"EntryPoint","urlTemplate":"https:\/\/debowymlyn.pl\/?s={search_term_string}"},"query-input":{"@type":"PropertyValueSpecification","valueRequired":true,"valueName":"search_term_string"}}],"inLanguage":"en-US"}]}},"_links":{"self":[{"href":"https:\/\/debowymlyn.pl\/en\/wp-json\/wp\/v2\/pages\/22","targetHints":{"allow":["GET"]}}],"collection":[{"href":"https:\/\/debowymlyn.pl\/en\/wp-json\/wp\/v2\/pages"}],"about":[{"href":"https:\/\/debowymlyn.pl\/en\/wp-json\/wp\/v2\/types\/page"}],"author":[{"embeddable":true,"href":"https:\/\/debowymlyn.pl\/en\/wp-json\/wp\/v2\/users\/2"}],"replies":[{"embeddable":true,"href":"https:\/\/debowymlyn.pl\/en\/wp-json\/wp\/v2\/comments?post=22"}],"version-history":[{"count":91,"href":"https:\/\/debowymlyn.pl\/en\/wp-json\/wp\/v2\/pages\/22\/revisions"}],"predecessor-version":[{"id":3081,"href":"https:\/\/debowymlyn.pl\/en\/wp-json\/wp\/v2\/pages\/22\/revisions\/3081"}],"wp:attachment":[{"href":"https:\/\/debowymlyn.pl\/en\/wp-json\/wp\/v2\/media?parent=22"}],"curies":[{"name":"wp","href":"https:\/\/api.w.org\/{rel}","templated":true}]}}