{"id":936,"date":"2015-12-11T14:22:12","date_gmt":"2015-12-11T13:22:12","guid":{"rendered":"http:\/\/debowymlyn.pl\/?page_id=936"},"modified":"2023-10-30T12:56:08","modified_gmt":"2023-10-30T11:56:08","slug":"elewacje","status":"publish","type":"page","link":"https:\/\/debowymlyn.pl\/en\/elewacje\/","title":{"rendered":"Facades"},"content":{"rendered":"<div class=\"su-tabs su-tabs-style-default su-tabs-mobile-stack\" data-active=\"1\" data-scroll-offset=\"0\" data-anchor-in-url=\"no\"><div class=\"su-tabs-nav\"><span class=\"\" data-url=\"\" data-target=\"blank\" tabindex=\"0\" role=\"button\">facades<\/span><\/div><div class=\"su-tabs-panes\"><div class=\"su-tabs-pane su-u-clearfix su-u-trim\" data-title=\"facades\">\n<div class=\"su-row\">\n<div style=\"float: left;\">\n<h4 style=\"text-align: center;\">Meranti<\/h4>\n[slb_group id=&#8221;elewacje&#8221;]<div class=\"su-custom-gallery su-custom-gallery-align-left su-custom-gallery-title-hover column_image\"><div class=\"su-custom-gallery-slide\" style=\"width:220px;height:165px\"><a href=\"https:\/\/debowymlyn.pl\/en\/img_4167\/\" title=\"Meranti\"><img loading=\"lazy\" decoding=\"async\" src=\"https:\/\/debowymlyn.pl\/wp-content\/uploads\/elewacje\/IMG_4167-220x165.jpg\" alt=\"Meranti\" width=\"220\" height=\"165\" \/><span class=\"su-custom-gallery-title\">Meranti<\/span><\/a><\/div><div class=\"su-custom-gallery-slide\" style=\"width:220px;height:165px\"><a href=\"https:\/\/debowymlyn.pl\/en\/img_4163\/\" title=\"Meranti\"><img loading=\"lazy\" decoding=\"async\" src=\"https:\/\/debowymlyn.pl\/wp-content\/uploads\/elewacje\/IMG_4163-220x165.jpg\" alt=\"Meranti\" width=\"220\" height=\"165\" \/><span class=\"su-custom-gallery-title\">Meranti<\/span><\/a><\/div><div class=\"su-clear\"><\/div><\/div>[\/slb_group]\n<\/p><\/div>\n<div style=\"float: left;\">\n<h4 style=\"text-align: center;\">Thermo Ash<\/h4>\n[slb_group id=&#8221;elewacje&#8221;]<div class=\"su-custom-gallery su-custom-gallery-align-left su-custom-gallery-title-hover column_image\"><div class=\"su-custom-gallery-slide\" style=\"width:220px;height:165px\"><a href=\"https:\/\/debowymlyn.pl\/en\/img_4158\/\" title=\"Thermo Ash\"><img loading=\"lazy\" decoding=\"async\" src=\"https:\/\/debowymlyn.pl\/wp-content\/uploads\/elewacje\/IMG_4158-220x165.jpg\" alt=\"Thermo Ash\" width=\"220\" height=\"165\" \/><span class=\"su-custom-gallery-title\">Thermo Ash<\/span><\/a><\/div><div class=\"su-custom-gallery-slide\" style=\"width:220px;height:165px\"><a href=\"https:\/\/debowymlyn.pl\/en\/img_4151\/\" title=\"Thermo Ash\"><img loading=\"lazy\" decoding=\"async\" src=\"https:\/\/debowymlyn.pl\/wp-content\/uploads\/elewacje\/IMG_4151-220x165.jpg\" alt=\"Thermo Ash\" width=\"220\" height=\"165\" \/><span class=\"su-custom-gallery-title\">Thermo Ash<\/span><\/a><\/div><div class=\"su-clear\"><\/div><\/div>[\/slb_group]\n<\/p><\/div>\n<\/div>\n<div class=\"su-row\">\n<div style=\"float: left;\">\n<h4 style=\"text-align: center;\">Canadian Cedar \/ Red<\/h4>\n[slb_group id=&#8221;elewacje&#8221;]<div class=\"su-custom-gallery su-custom-gallery-align-left su-custom-gallery-title-hover column_image\"><div class=\"su-custom-gallery-slide\" style=\"width:220px;height:165px\"><a href=\"https:\/\/debowymlyn.pl\/en\/img_4154\/\" title=\"Canadian Cedar WRC\"><img loading=\"lazy\" decoding=\"async\" src=\"https:\/\/debowymlyn.pl\/wp-content\/uploads\/elewacje\/IMG_4154-220x165.jpg\" alt=\"Canadian Cedar WRC\" width=\"220\" height=\"165\" \/><span class=\"su-custom-gallery-title\">Canadian Cedar WRC<\/span><\/a><\/div><div class=\"su-custom-gallery-slide\" style=\"width:220px;height:165px\"><a href=\"https:\/\/debowymlyn.pl\/en\/img_4144\/\" title=\"Canadian Cedar WRC\"><img loading=\"lazy\" decoding=\"async\" src=\"https:\/\/debowymlyn.pl\/wp-content\/uploads\/elewacje\/IMG_4144-220x165.jpg\" alt=\"Canadian Cedar WRC\" width=\"220\" height=\"165\" \/><span class=\"su-custom-gallery-title\">Canadian Cedar WRC<\/span><\/a><\/div><div class=\"su-custom-gallery-slide\" style=\"width:220px;height:165px\"><a href=\"https:\/\/debowymlyn.pl\/en\/img_4164\/\" title=\"Red Cedar WRC\"><img loading=\"lazy\" decoding=\"async\" src=\"https:\/\/debowymlyn.pl\/wp-content\/uploads\/elewacje\/IMG_4164-220x165.jpg\" alt=\"Red Cedar WRC\" width=\"220\" height=\"165\" \/><span class=\"su-custom-gallery-title\">Red Cedar WRC<\/span><\/a><\/div><div class=\"su-clear\"><\/div><\/div>[\/slb_group]\n<\/p><\/div>\n<\/div>\n<\/div><\/div><\/div>\n<div class=\"su-column su-column-size-1-1 podstrona su-column-centered\"><div class=\"su-column-inner su-u-clearfix su-u-trim\">\nA wooden cottage in a tranquil location, modern apartment with a wooden finish on the fa\u00e7ade or the intriguing combination of wood and stone in the centre of the city. The external walls of a building are its showpiece, representative element, which attracts the eye &#8211; therefore, it should be neat and original.<\/p>\n<p>Wooden fa\u00e7ades perfectly fulfil this role. They are elegant, form part of a fashionable combination of modern and traditional methods of construction, and what&#8217;s more \u2013 it is one of the ecological solutions on the market of finishing strips. Our products also include high-quality exotic wood, such as Meranti, Canadian Cedar and Red or Thermo Ash. From toned down, light brown, to a deep Maroon colour &#8211; such boards look good independently, but also fits perfectly with stone, glass, concrete, and even metal.<\/p>\n<p>Wooden fa\u00e7ades from our collection require care and maintenance to preserve their appearance. Preservatives and varnishes play a proven role here because they add durability to wood by enhancing its colour and highlighting its characteristic structure, or wood stains, which are extremely important in protecting against weather, moisture and UV rays.<\/p>\n<p>Despite these limitations wooden facades bring with them homeliness, cosiness and a friendly atmosphere. They may constitute a decoration of the entire wall surface or only parts thereof, such as the attic or space around the shutters. Architects are also increasingly recommending unconventional, vertical bars with wooden boards on a stone building \u2013 it is all a question of the idea and preferences.<br \/>\n<\/div><\/div>","protected":false},"excerpt":{"rendered":"","protected":false},"author":2,"featured_media":0,"parent":0,"menu_order":3,"comment_status":"closed","ping_status":"closed","template":"page-fullwidth.php","meta":{"inline_featured_image":false,"footnotes":""},"class_list":["post-936","page","type-page","status-publish","hentry"],"yoast_head":"<!-- This site is optimized with the Yoast SEO plugin v26.8 - https:\/\/yoast.com\/product\/yoast-seo-wordpress\/ -->\n<title>Elewacje drewniane Pozna\u0144 - D\u0119bowy M\u0142yn<\/title>\n<meta name=\"description\" content=\"Drewniane elewacje s\u0105 idealnym rozwi\u0105zaniem zar\u00f3wno do tradycyjnych, jak i do nowoczesnych dom\u00f3w. Sprawd\u017a nasz\u0105 ofert\u0119 elewacji z pi\u0119knego, naturalnego drewna.\" \/>\n<meta name=\"robots\" content=\"index, follow, max-snippet:-1, max-image-preview:large, max-video-preview:-1\" \/>\n<link rel=\"canonical\" href=\"https:\/\/debowymlyn.pl\/elewacje\/\" \/>\n<meta property=\"og:locale\" content=\"en_US\" \/>\n<meta property=\"og:type\" content=\"article\" \/>\n<meta property=\"og:title\" content=\"Elewacje drewniane Pozna\u0144 - D\u0119bowy M\u0142yn\" \/>\n<meta property=\"og:description\" content=\"Drewniane elewacje s\u0105 idealnym rozwi\u0105zaniem zar\u00f3wno do tradycyjnych, jak i do nowoczesnych dom\u00f3w. Sprawd\u017a nasz\u0105 ofert\u0119 elewacji z pi\u0119knego, naturalnego drewna.\" \/>\n<meta property=\"og:url\" content=\"https:\/\/debowymlyn.pl\/elewacje\/\" \/>\n<meta property=\"og:site_name\" content=\"Wooden Floors Store &quot;D\u0119bowy M\u0142yn&quot;\" \/>\n<meta property=\"article:modified_time\" content=\"2023-10-30T11:56:08+00:00\" \/>\n<meta name=\"twitter:card\" content=\"summary_large_image\" \/>\n<meta name=\"twitter:label1\" content=\"Est. reading time\" \/>\n\t<meta name=\"twitter:data1\" content=\"8 minutes\" \/>\n<script type=\"application\/ld+json\" class=\"yoast-schema-graph\">{\"@context\":\"https:\/\/schema.org\",\"@graph\":[{\"@type\":\"WebPage\",\"@id\":\"https:\/\/debowymlyn.pl\/elewacje\/\",\"url\":\"https:\/\/debowymlyn.pl\/elewacje\/\",\"name\":\"Elewacje drewniane Pozna\u0144 - D\u0119bowy M\u0142yn\",\"isPartOf\":{\"@id\":\"https:\/\/debowymlyn.pl\/#website\"},\"datePublished\":\"2015-12-11T13:22:12+00:00\",\"dateModified\":\"2023-10-30T11:56:08+00:00\",\"description\":\"Drewniane elewacje s\u0105 idealnym rozwi\u0105zaniem zar\u00f3wno do tradycyjnych, jak i do nowoczesnych dom\u00f3w. Sprawd\u017a nasz\u0105 ofert\u0119 elewacji z pi\u0119knego, naturalnego drewna.\",\"breadcrumb\":{\"@id\":\"https:\/\/debowymlyn.pl\/elewacje\/#breadcrumb\"},\"inLanguage\":\"en-US\",\"potentialAction\":[{\"@type\":\"ReadAction\",\"target\":[\"https:\/\/debowymlyn.pl\/elewacje\/\"]}]},{\"@type\":\"BreadcrumbList\",\"@id\":\"https:\/\/debowymlyn.pl\/elewacje\/#breadcrumb\",\"itemListElement\":[{\"@type\":\"ListItem\",\"position\":1,\"name\":\"Strona g\u0142\u00f3wna\",\"item\":\"https:\/\/debowymlyn.pl\/\"},{\"@type\":\"ListItem\",\"position\":2,\"name\":\"Elewacje\"}]},{\"@type\":\"WebSite\",\"@id\":\"https:\/\/debowymlyn.pl\/#website\",\"url\":\"https:\/\/debowymlyn.pl\/\",\"name\":\"Wooden Floors Store &quot;D\u0119bowy M\u0142yn&quot;\",\"description\":\"\",\"potentialAction\":[{\"@type\":\"SearchAction\",\"target\":{\"@type\":\"EntryPoint\",\"urlTemplate\":\"https:\/\/debowymlyn.pl\/?s={search_term_string}\"},\"query-input\":{\"@type\":\"PropertyValueSpecification\",\"valueRequired\":true,\"valueName\":\"search_term_string\"}}],\"inLanguage\":\"en-US\"}]}<\/script>\n<!-- \/ Yoast SEO plugin. -->","yoast_head_json":{"title":"Elewacje drewniane Pozna\u0144 - D\u0119bowy M\u0142yn","description":"Drewniane elewacje s\u0105 idealnym rozwi\u0105zaniem zar\u00f3wno do tradycyjnych, jak i do nowoczesnych dom\u00f3w. Sprawd\u017a nasz\u0105 ofert\u0119 elewacji z pi\u0119knego, naturalnego drewna.","robots":{"index":"index","follow":"follow","max-snippet":"max-snippet:-1","max-image-preview":"max-image-preview:large","max-video-preview":"max-video-preview:-1"},"canonical":"https:\/\/debowymlyn.pl\/elewacje\/","og_locale":"en_US","og_type":"article","og_title":"Elewacje drewniane Pozna\u0144 - D\u0119bowy M\u0142yn","og_description":"Drewniane elewacje s\u0105 idealnym rozwi\u0105zaniem zar\u00f3wno do tradycyjnych, jak i do nowoczesnych dom\u00f3w. Sprawd\u017a nasz\u0105 ofert\u0119 elewacji z pi\u0119knego, naturalnego drewna.","og_url":"https:\/\/debowymlyn.pl\/elewacje\/","og_site_name":"Wooden Floors Store &quot;D\u0119bowy M\u0142yn&quot;","article_modified_time":"2023-10-30T11:56:08+00:00","twitter_card":"summary_large_image","twitter_misc":{"Est. reading time":"8 minutes"},"schema":{"@context":"https:\/\/schema.org","@graph":[{"@type":"WebPage","@id":"https:\/\/debowymlyn.pl\/elewacje\/","url":"https:\/\/debowymlyn.pl\/elewacje\/","name":"Elewacje drewniane Pozna\u0144 - D\u0119bowy M\u0142yn","isPartOf":{"@id":"https:\/\/debowymlyn.pl\/#website"},"datePublished":"2015-12-11T13:22:12+00:00","dateModified":"2023-10-30T11:56:08+00:00","description":"Drewniane elewacje s\u0105 idealnym rozwi\u0105zaniem zar\u00f3wno do tradycyjnych, jak i do nowoczesnych dom\u00f3w. Sprawd\u017a nasz\u0105 ofert\u0119 elewacji z pi\u0119knego, naturalnego drewna.","breadcrumb":{"@id":"https:\/\/debowymlyn.pl\/elewacje\/#breadcrumb"},"inLanguage":"en-US","potentialAction":[{"@type":"ReadAction","target":["https:\/\/debowymlyn.pl\/elewacje\/"]}]},{"@type":"BreadcrumbList","@id":"https:\/\/debowymlyn.pl\/elewacje\/#breadcrumb","itemListElement":[{"@type":"ListItem","position":1,"name":"Strona g\u0142\u00f3wna","item":"https:\/\/debowymlyn.pl\/"},{"@type":"ListItem","position":2,"name":"Elewacje"}]},{"@type":"WebSite","@id":"https:\/\/debowymlyn.pl\/#website","url":"https:\/\/debowymlyn.pl\/","name":"Wooden Floors Store &quot;D\u0119bowy M\u0142yn&quot;","description":"","potentialAction":[{"@type":"SearchAction","target":{"@type":"EntryPoint","urlTemplate":"https:\/\/debowymlyn.pl\/?s={search_term_string}"},"query-input":{"@type":"PropertyValueSpecification","valueRequired":true,"valueName":"search_term_string"}}],"inLanguage":"en-US"}]}},"_links":{"self":[{"href":"https:\/\/debowymlyn.pl\/en\/wp-json\/wp\/v2\/pages\/936","targetHints":{"allow":["GET"]}}],"collection":[{"href":"https:\/\/debowymlyn.pl\/en\/wp-json\/wp\/v2\/pages"}],"about":[{"href":"https:\/\/debowymlyn.pl\/en\/wp-json\/wp\/v2\/types\/page"}],"author":[{"embeddable":true,"href":"https:\/\/debowymlyn.pl\/en\/wp-json\/wp\/v2\/users\/2"}],"replies":[{"embeddable":true,"href":"https:\/\/debowymlyn.pl\/en\/wp-json\/wp\/v2\/comments?post=936"}],"version-history":[{"count":24,"href":"https:\/\/debowymlyn.pl\/en\/wp-json\/wp\/v2\/pages\/936\/revisions"}],"predecessor-version":[{"id":3087,"href":"https:\/\/debowymlyn.pl\/en\/wp-json\/wp\/v2\/pages\/936\/revisions\/3087"}],"wp:attachment":[{"href":"https:\/\/debowymlyn.pl\/en\/wp-json\/wp\/v2\/media?parent=936"}],"curies":[{"name":"wp","href":"https:\/\/api.w.org\/{rel}","templated":true}]}}