{"id":938,"date":"2015-12-11T14:23:06","date_gmt":"2015-12-11T13:23:06","guid":{"rendered":"http:\/\/debowymlyn.pl\/?page_id=938"},"modified":"2023-09-29T10:46:30","modified_gmt":"2023-09-29T08:46:30","slug":"o-nas","status":"publish","type":"page","link":"https:\/\/debowymlyn.pl\/en\/o-nas\/","title":{"rendered":"About Us"},"content":{"rendered":"<div class=\"span12\">\n<div class=\"su-column su-column-size-2-5\"><div class=\"su-column-inner su-u-clearfix su-u-trim\">\n<div class=\"su-custom-gallery su-custom-gallery-align-left su-custom-gallery-title-never column_image\"><div class=\"su-custom-gallery-slide\" style=\"width:400px;height:250px\"><a href=\"https:\/\/debowymlyn.pl\/en\/onas-bud\/\" title=\"onas-bud\"><img loading=\"lazy\" decoding=\"async\" src=\"https:\/\/debowymlyn.pl\/wp-content\/uploads\/onas\/onas-bud-400x250.jpg\" alt=\"onas-bud\" width=\"400\" height=\"250\" \/><span class=\"su-custom-gallery-title\">onas-bud<\/span><\/a><\/div><div class=\"su-clear\"><\/div><\/div>\n<div class=\"su-custom-gallery su-custom-gallery-align-left su-custom-gallery-title-never column_image\"><div class=\"su-custom-gallery-slide\" style=\"width:400px;height:250px\"><a href=\"https:\/\/debowymlyn.pl\/en\/onas-wewn\/\" title=\"\"><img loading=\"lazy\" decoding=\"async\" src=\"https:\/\/debowymlyn.pl\/wp-content\/uploads\/onas\/onas-wewn-400x250.jpg\" alt=\"\" width=\"400\" height=\"250\" \/><\/a><\/div><div class=\"su-clear\"><\/div><\/div>\n<\/div>\n<\/div><\/div>\n<div class=\"span12\" style=\"text-align: justify;\">\n<div class=\"su-column su-column-size-3-5 su-column-last\"><div class=\"su-column-inner su-u-clearfix su-u-trim\">\n<div class=\"su-spacer\" style=\"height:5px\"><\/div>\n<h4>The Company\u2019s History<\/h4>\n<p>&#8220;D\u0119bowy M\u0142yn&#8221; is more than twenty-five years of experience. Over the years its operation, our family company has been offering customers high quality flooring services. Currently, we can serve you comprehensively, offering wood for floors, terraces and facades, as well as high quality chemicals and services. We can share our knowledge and experience with you, providing advisory services at the decision taking stage on which floor to choose, so as to make good and informed decisions.<\/p>\n<div class=\"su-spacer\" style=\"height:10px\"><\/div>\n<h4>Our store<\/h4>\n<p>The name of our store \u201cD\u0119bowy M\u0142yn&#8221; should be associated primarily with the Polish history and tradition. It is also a pun, where \u201cM\u0142yn\u201d (mill) means Vertigo and refers to the wealth of possibilities that our store offers to customers. On opening the sales store \u201cD\u0119bowy M\u0142yn\u201d, we invited only suppliers, which during the several years of cooperation have proven that products offered are of the highest quality, because quality has always been our top most priority.<\/p>\n<\/div><\/div>\n<\/p><\/div>\n<div class=\"su-spacer\" style=\"height:20px\"><\/div>\n<div class=\"su-row\"><\/div>\n<div class=\"su-column su-column-size-1-4\"><div class=\"su-column-inner su-u-clearfix su-u-trim\">\n<div class=\"su-custom-gallery su-custom-gallery-align-left su-custom-gallery-title-never\"><div class=\"su-custom-gallery-slide\" style=\"width:240px;height:320px\"><a href=\"https:\/\/debowymlyn.pl\/en\/foto_onas_lukasz\/\" title=\"\"><img loading=\"lazy\" decoding=\"async\" src=\"https:\/\/debowymlyn.pl\/wp-content\/uploads\/onas\/foto_onas_lukasz-240x320.jpg\" alt=\"\" width=\"240\" height=\"320\" \/><\/a><\/div><div class=\"su-clear\"><\/div><\/div>\n<\/div><\/div>\n<div class=\"span12\" style=\"text-align: justify;\">\n<div class=\"su-column su-column-size-1-4\"><div class=\"su-column-inner su-u-clearfix su-u-trim\">\n<h4>\u0141ukasz Adamczak<\/h4>\n<p>I founded this business, dedicated to the implementation of flooring services in 2005. In my several years of practice, I have encountered all kinds of hardwood floor, both in terms of the wood type and its finishing. Thanks to the relevant experience acquired, I can undertake even the most complicated projects. The motto of my work is the conviction that wood floors should be created with passion, for only then are they in fact beautiful.<br \/>\n<\/div><\/div>\n<\/p><\/div>\n<div class=\"su-column su-column-size-1-4\"><div class=\"su-column-inner su-u-clearfix su-u-trim\">\n<div class=\"su-custom-gallery su-custom-gallery-align-left su-custom-gallery-title-never\"><div class=\"su-custom-gallery-slide\" style=\"width:240px;height:320px\"><a href=\"https:\/\/debowymlyn.pl\/en\/foto_onas_leszek\/\" title=\"\"><img loading=\"lazy\" decoding=\"async\" src=\"https:\/\/debowymlyn.pl\/wp-content\/uploads\/onas\/foto_onas_leszek-240x320.jpg\" alt=\"\" width=\"240\" height=\"320\" \/><\/a><\/div><div class=\"su-clear\"><\/div><\/div>\n<\/div><\/div>\n<div class=\"span12\" style=\"text-align: justify;\">\n<div class=\"su-column su-column-size-1-4 su-column-last\"><div class=\"su-column-inner su-u-clearfix su-u-trim\">\n<h4>Leszek Adamczak<\/h4>\n<p>My professional career has always been associated with wood, which I clearly consider the most rewarding material to machine. Although I started the flooring business in 1990, it was preceded by several years of apprenticeship in carpentry. Thanks to the apprenticeship I can now meet the most demanding and diverse tasks posed by investors, wishing to have more than just a wooden floor in their homes.<br \/>\n<\/div><\/div>\n<\/p><\/div>\n<div class=\"su-row\"><\/div>","protected":false},"excerpt":{"rendered":"","protected":false},"author":2,"featured_media":0,"parent":0,"menu_order":8,"comment_status":"closed","ping_status":"closed","template":"page-fullwidth.php","meta":{"inline_featured_image":false,"footnotes":""},"class_list":["post-938","page","type-page","status-publish","hentry"],"yoast_head":"<!-- This site is optimized with the Yoast SEO plugin v26.8 - https:\/\/yoast.com\/product\/yoast-seo-wordpress\/ -->\n<title>O nas - Wooden Floors Store &quot;D\u0119bowy M\u0142yn&quot;<\/title>\n<meta name=\"description\" content=\"Firma \u201eD\u0119bowy M\u0142yn\u201d to dwadzie\u015bcia pi\u0119\u0107 lat do\u015bwiadczenia. Przez lata pracy w wykonawstwie nasza rodzinna firma oferowa\u0142a klientom wysokiej jako\u015bci us\u0142ugi.\" \/>\n<meta name=\"robots\" content=\"index, follow, max-snippet:-1, max-image-preview:large, max-video-preview:-1\" \/>\n<link rel=\"canonical\" href=\"https:\/\/debowymlyn.pl\/o-nas\/\" \/>\n<meta property=\"og:locale\" content=\"en_US\" \/>\n<meta property=\"og:type\" content=\"article\" \/>\n<meta property=\"og:title\" content=\"O nas - Wooden Floors Store &quot;D\u0119bowy M\u0142yn&quot;\" \/>\n<meta property=\"og:description\" content=\"Firma \u201eD\u0119bowy M\u0142yn\u201d to dwadzie\u015bcia pi\u0119\u0107 lat do\u015bwiadczenia. Przez lata pracy w wykonawstwie nasza rodzinna firma oferowa\u0142a klientom wysokiej jako\u015bci us\u0142ugi.\" \/>\n<meta property=\"og:url\" content=\"https:\/\/debowymlyn.pl\/o-nas\/\" \/>\n<meta property=\"og:site_name\" content=\"Wooden Floors Store &quot;D\u0119bowy M\u0142yn&quot;\" \/>\n<meta property=\"article:modified_time\" content=\"2023-09-29T08:46:30+00:00\" \/>\n<meta name=\"twitter:card\" content=\"summary_large_image\" \/>\n<meta name=\"twitter:label1\" content=\"Est. reading time\" \/>\n\t<meta name=\"twitter:data1\" content=\"8 minutes\" \/>\n<script type=\"application\/ld+json\" class=\"yoast-schema-graph\">{\"@context\":\"https:\/\/schema.org\",\"@graph\":[{\"@type\":\"WebPage\",\"@id\":\"https:\/\/debowymlyn.pl\/o-nas\/\",\"url\":\"https:\/\/debowymlyn.pl\/o-nas\/\",\"name\":\"O nas - Wooden Floors Store &quot;D\u0119bowy M\u0142yn&quot;\",\"isPartOf\":{\"@id\":\"https:\/\/debowymlyn.pl\/#website\"},\"datePublished\":\"2015-12-11T13:23:06+00:00\",\"dateModified\":\"2023-09-29T08:46:30+00:00\",\"description\":\"Firma \u201eD\u0119bowy M\u0142yn\u201d to dwadzie\u015bcia pi\u0119\u0107 lat do\u015bwiadczenia. Przez lata pracy w wykonawstwie nasza rodzinna firma oferowa\u0142a klientom wysokiej jako\u015bci us\u0142ugi.\",\"breadcrumb\":{\"@id\":\"https:\/\/debowymlyn.pl\/o-nas\/#breadcrumb\"},\"inLanguage\":\"en-US\",\"potentialAction\":[{\"@type\":\"ReadAction\",\"target\":[\"https:\/\/debowymlyn.pl\/o-nas\/\"]}]},{\"@type\":\"BreadcrumbList\",\"@id\":\"https:\/\/debowymlyn.pl\/o-nas\/#breadcrumb\",\"itemListElement\":[{\"@type\":\"ListItem\",\"position\":1,\"name\":\"Strona g\u0142\u00f3wna\",\"item\":\"https:\/\/debowymlyn.pl\/\"},{\"@type\":\"ListItem\",\"position\":2,\"name\":\"O nas\"}]},{\"@type\":\"WebSite\",\"@id\":\"https:\/\/debowymlyn.pl\/#website\",\"url\":\"https:\/\/debowymlyn.pl\/\",\"name\":\"Wooden Floors Store &quot;D\u0119bowy M\u0142yn&quot;\",\"description\":\"\",\"potentialAction\":[{\"@type\":\"SearchAction\",\"target\":{\"@type\":\"EntryPoint\",\"urlTemplate\":\"https:\/\/debowymlyn.pl\/?s={search_term_string}\"},\"query-input\":{\"@type\":\"PropertyValueSpecification\",\"valueRequired\":true,\"valueName\":\"search_term_string\"}}],\"inLanguage\":\"en-US\"}]}<\/script>\n<!-- \/ Yoast SEO plugin. -->","yoast_head_json":{"title":"O nas - Wooden Floors Store &quot;D\u0119bowy M\u0142yn&quot;","description":"Firma \u201eD\u0119bowy M\u0142yn\u201d to dwadzie\u015bcia pi\u0119\u0107 lat do\u015bwiadczenia. Przez lata pracy w wykonawstwie nasza rodzinna firma oferowa\u0142a klientom wysokiej jako\u015bci us\u0142ugi.","robots":{"index":"index","follow":"follow","max-snippet":"max-snippet:-1","max-image-preview":"max-image-preview:large","max-video-preview":"max-video-preview:-1"},"canonical":"https:\/\/debowymlyn.pl\/o-nas\/","og_locale":"en_US","og_type":"article","og_title":"O nas - Wooden Floors Store &quot;D\u0119bowy M\u0142yn&quot;","og_description":"Firma \u201eD\u0119bowy M\u0142yn\u201d to dwadzie\u015bcia pi\u0119\u0107 lat do\u015bwiadczenia. Przez lata pracy w wykonawstwie nasza rodzinna firma oferowa\u0142a klientom wysokiej jako\u015bci us\u0142ugi.","og_url":"https:\/\/debowymlyn.pl\/o-nas\/","og_site_name":"Wooden Floors Store &quot;D\u0119bowy M\u0142yn&quot;","article_modified_time":"2023-09-29T08:46:30+00:00","twitter_card":"summary_large_image","twitter_misc":{"Est. reading time":"8 minutes"},"schema":{"@context":"https:\/\/schema.org","@graph":[{"@type":"WebPage","@id":"https:\/\/debowymlyn.pl\/o-nas\/","url":"https:\/\/debowymlyn.pl\/o-nas\/","name":"O nas - Wooden Floors Store &quot;D\u0119bowy M\u0142yn&quot;","isPartOf":{"@id":"https:\/\/debowymlyn.pl\/#website"},"datePublished":"2015-12-11T13:23:06+00:00","dateModified":"2023-09-29T08:46:30+00:00","description":"Firma \u201eD\u0119bowy M\u0142yn\u201d to dwadzie\u015bcia pi\u0119\u0107 lat do\u015bwiadczenia. Przez lata pracy w wykonawstwie nasza rodzinna firma oferowa\u0142a klientom wysokiej jako\u015bci us\u0142ugi.","breadcrumb":{"@id":"https:\/\/debowymlyn.pl\/o-nas\/#breadcrumb"},"inLanguage":"en-US","potentialAction":[{"@type":"ReadAction","target":["https:\/\/debowymlyn.pl\/o-nas\/"]}]},{"@type":"BreadcrumbList","@id":"https:\/\/debowymlyn.pl\/o-nas\/#breadcrumb","itemListElement":[{"@type":"ListItem","position":1,"name":"Strona g\u0142\u00f3wna","item":"https:\/\/debowymlyn.pl\/"},{"@type":"ListItem","position":2,"name":"O nas"}]},{"@type":"WebSite","@id":"https:\/\/debowymlyn.pl\/#website","url":"https:\/\/debowymlyn.pl\/","name":"Wooden Floors Store &quot;D\u0119bowy M\u0142yn&quot;","description":"","potentialAction":[{"@type":"SearchAction","target":{"@type":"EntryPoint","urlTemplate":"https:\/\/debowymlyn.pl\/?s={search_term_string}"},"query-input":{"@type":"PropertyValueSpecification","valueRequired":true,"valueName":"search_term_string"}}],"inLanguage":"en-US"}]}},"_links":{"self":[{"href":"https:\/\/debowymlyn.pl\/en\/wp-json\/wp\/v2\/pages\/938","targetHints":{"allow":["GET"]}}],"collection":[{"href":"https:\/\/debowymlyn.pl\/en\/wp-json\/wp\/v2\/pages"}],"about":[{"href":"https:\/\/debowymlyn.pl\/en\/wp-json\/wp\/v2\/types\/page"}],"author":[{"embeddable":true,"href":"https:\/\/debowymlyn.pl\/en\/wp-json\/wp\/v2\/users\/2"}],"replies":[{"embeddable":true,"href":"https:\/\/debowymlyn.pl\/en\/wp-json\/wp\/v2\/comments?post=938"}],"version-history":[{"count":65,"href":"https:\/\/debowymlyn.pl\/en\/wp-json\/wp\/v2\/pages\/938\/revisions"}],"predecessor-version":[{"id":3063,"href":"https:\/\/debowymlyn.pl\/en\/wp-json\/wp\/v2\/pages\/938\/revisions\/3063"}],"wp:attachment":[{"href":"https:\/\/debowymlyn.pl\/en\/wp-json\/wp\/v2\/media?parent=938"}],"curies":[{"name":"wp","href":"https:\/\/api.w.org\/{rel}","templated":true}]}}