{"id":944,"date":"2015-12-11T14:23:47","date_gmt":"2015-12-11T13:23:47","guid":{"rendered":"http:\/\/debowymlyn.pl\/?page_id=944"},"modified":"2020-07-01T11:20:55","modified_gmt":"2020-07-01T09:20:55","slug":"kontakt","status":"publish","type":"page","link":"https:\/\/debowymlyn.pl\/en\/kontakt\/","title":{"rendered":"Contact"},"content":{"rendered":"<div class=\"su-row\">\n<div class=\"section group\">\n<div class=\"col span_1_of_6\">\n<div style=\"text-align: center;\">\n<i class=\"icon-group\" style=\"font-size:40px; color:#ccc;\"><\/i>\n<div class=\"su-spacer\" style=\"height:30px\"><\/div>\n<p>Salon Podlog Drewnianych<br \/>\n&#8220;Debowy Mlyn&#8221; spolka cywilna<br \/>\nLukasz Adamczak<br \/>\nAdam Rejdukowski<\/p>\n<\/div><\/div>\n<div class=\"col span_1_of_6\">\n<div style=\"text-align: center;\">\n<i class=\"icon-home\" style=\"font-size:40px; color:#ccc;\"><\/i>\n<div class=\"su-spacer\" style=\"height:30px\"><\/div>\nul. Iglasta 6<br \/>\n64-100 Leszno\n<\/div>\n<\/p><\/div>\n<div class=\"col span_1_of_6\">\n<div style=\"text-align: center;\">\n<i class=\"icon-phone\" style=\"font-size:40px; color:#ccc;\"><\/i>\n<div class=\"su-spacer\" style=\"height:30px\"><\/div>\n<p>Showroom<br \/>\n+48 730 332 337<\/p>\n<p>Lukasz Adamczak<br \/>\n+48 502 137 750<\/p>\n<\/div><\/div>\n<div class=\"col span_1_of_6\">\n<div id=\"kontakt\" style=\"text-align: center;\">\n<i class=\"icon-envelope\" style=\"font-size:40px; color:#ccc;\"><\/i>\n<div class=\"su-spacer\" style=\"height:30px\"><\/div>\ndebowy.mlyn@gmail.com\n<\/div>\n<\/p><\/div>\n<div class=\"col span_1_of_6\">\n<div style=\"text-align: center;\">\n<i class=\"icon-briefcase\" style=\"font-size:40px; color:#ccc;\"><\/i>\n<div class=\"su-spacer\" style=\"height:30px\"><\/div>\n<p>NIP: 6972315912<br \/>\nREGON: 361514133<br \/>\nBank account: 46 1020 4027<br \/>\n0000 1402 1305 4830<\/p>\n<\/div><\/div>\n<div class=\"col span_1_of_6\">\n<div style=\"text-align: center;\">\n<i class=\"icon-pencil\" style=\"font-size:40px; color:#ccc;\"><\/i>\n<div class=\"su-spacer\" style=\"height:30px\"><\/div>\nCorrespondence-only address:<br \/>\nOsiedle Stefana Batorego 53\/88<br \/>\n60-687 Poznan\n<\/div>\n<\/p><\/div>\n<\/div>\n<\/div>\n<div class=\"su-row\">\n<div class=\"section group\">\n<div class=\"col span_3_of_6\">\n\t<div class=\"su-gmap su-u-responsive-media-yes\"><iframe loading=\"lazy\" width=\"600\" height=\"400\" src=\"\/\/maps.google.com\/maps?q=Leszno%2C%20Iglasta%206&amp;output=embed\" title=\"\"><\/iframe><\/div>\n        <\/div>\n<div class=\"col span_3_of_6\">\n        <img decoding=\"async\" class=\"aligncenter size-full wp-image-1710\" src=\"http:\/\/debowymlyn.pl\/wp-content\/uploads\/onas\/onas-bud.jpg\" alt=\"\" width=\"100%\" srcset=\"https:\/\/debowymlyn.pl\/wp-content\/uploads\/onas\/onas-bud.jpg 900w, https:\/\/debowymlyn.pl\/wp-content\/uploads\/onas\/onas-bud-300x200.jpg 300w\" sizes=\"(max-width: 900px) 100vw, 900px\" \/>\n        <\/div>\n<\/div>\n<\/div>","protected":false},"excerpt":{"rendered":"","protected":false},"author":2,"featured_media":0,"parent":0,"menu_order":9,"comment_status":"closed","ping_status":"closed","template":"page-fullwidth.php","meta":{"inline_featured_image":false,"footnotes":""},"class_list":["post-944","page","type-page","status-publish","hentry"],"yoast_head":"<!-- This site is optimized with the Yoast SEO plugin v26.8 - https:\/\/yoast.com\/product\/yoast-seo-wordpress\/ -->\n<title>Kontakt - Wooden Floors Store &quot;D\u0119bowy M\u0142yn&quot;<\/title>\n<meta name=\"description\" content=\"Salon Pod\u0142\u00f3g Drewnianych &quot;D\u0119bowy M\u0142yn&quot;, ul. Iglasta 6, 64-100 Leszno, +48 502 137 750. Serdecznie zapraszamy do wsp\u00f3\u0142pracy.\" \/>\n<meta name=\"robots\" content=\"index, follow, max-snippet:-1, max-image-preview:large, max-video-preview:-1\" \/>\n<link rel=\"canonical\" href=\"https:\/\/debowymlyn.pl\/kontakt\/\" \/>\n<meta property=\"og:locale\" content=\"en_US\" \/>\n<meta property=\"og:type\" content=\"article\" \/>\n<meta property=\"og:title\" content=\"Kontakt - Wooden Floors Store &quot;D\u0119bowy M\u0142yn&quot;\" \/>\n<meta property=\"og:description\" content=\"Salon Pod\u0142\u00f3g Drewnianych &quot;D\u0119bowy M\u0142yn&quot;, ul. Iglasta 6, 64-100 Leszno, +48 502 137 750. Serdecznie zapraszamy do wsp\u00f3\u0142pracy.\" \/>\n<meta property=\"og:url\" content=\"https:\/\/debowymlyn.pl\/kontakt\/\" \/>\n<meta property=\"og:site_name\" content=\"Wooden Floors Store &quot;D\u0119bowy M\u0142yn&quot;\" \/>\n<meta property=\"article:modified_time\" content=\"2020-07-01T09:20:55+00:00\" \/>\n<meta property=\"og:image\" content=\"http:\/\/debowymlyn.pl\/wp-content\/uploads\/onas\/onas-bud.jpg\" \/>\n<meta name=\"twitter:card\" content=\"summary_large_image\" \/>\n<meta name=\"twitter:label1\" content=\"Est. reading time\" \/>\n\t<meta name=\"twitter:data1\" content=\"2 minutes\" \/>\n<script type=\"application\/ld+json\" class=\"yoast-schema-graph\">{\"@context\":\"https:\/\/schema.org\",\"@graph\":[{\"@type\":\"WebPage\",\"@id\":\"https:\/\/debowymlyn.pl\/kontakt\/\",\"url\":\"https:\/\/debowymlyn.pl\/kontakt\/\",\"name\":\"Kontakt - Wooden Floors Store &quot;D\u0119bowy M\u0142yn&quot;\",\"isPartOf\":{\"@id\":\"https:\/\/debowymlyn.pl\/#website\"},\"primaryImageOfPage\":{\"@id\":\"https:\/\/debowymlyn.pl\/kontakt\/#primaryimage\"},\"image\":{\"@id\":\"https:\/\/debowymlyn.pl\/kontakt\/#primaryimage\"},\"thumbnailUrl\":\"http:\/\/debowymlyn.pl\/wp-content\/uploads\/onas\/onas-bud.jpg\",\"datePublished\":\"2015-12-11T13:23:47+00:00\",\"dateModified\":\"2020-07-01T09:20:55+00:00\",\"description\":\"Salon Pod\u0142\u00f3g Drewnianych \\\"D\u0119bowy M\u0142yn\\\", ul. Iglasta 6, 64-100 Leszno, +48 502 137 750. Serdecznie zapraszamy do wsp\u00f3\u0142pracy.\",\"breadcrumb\":{\"@id\":\"https:\/\/debowymlyn.pl\/kontakt\/#breadcrumb\"},\"inLanguage\":\"en-US\",\"potentialAction\":[{\"@type\":\"ReadAction\",\"target\":[\"https:\/\/debowymlyn.pl\/kontakt\/\"]}]},{\"@type\":\"ImageObject\",\"inLanguage\":\"en-US\",\"@id\":\"https:\/\/debowymlyn.pl\/kontakt\/#primaryimage\",\"url\":\"http:\/\/debowymlyn.pl\/wp-content\/uploads\/onas\/onas-bud.jpg\",\"contentUrl\":\"http:\/\/debowymlyn.pl\/wp-content\/uploads\/onas\/onas-bud.jpg\"},{\"@type\":\"BreadcrumbList\",\"@id\":\"https:\/\/debowymlyn.pl\/kontakt\/#breadcrumb\",\"itemListElement\":[{\"@type\":\"ListItem\",\"position\":1,\"name\":\"Strona g\u0142\u00f3wna\",\"item\":\"https:\/\/debowymlyn.pl\/\"},{\"@type\":\"ListItem\",\"position\":2,\"name\":\"Kontakt\"}]},{\"@type\":\"WebSite\",\"@id\":\"https:\/\/debowymlyn.pl\/#website\",\"url\":\"https:\/\/debowymlyn.pl\/\",\"name\":\"Wooden Floors Store &quot;D\u0119bowy M\u0142yn&quot;\",\"description\":\"\",\"potentialAction\":[{\"@type\":\"SearchAction\",\"target\":{\"@type\":\"EntryPoint\",\"urlTemplate\":\"https:\/\/debowymlyn.pl\/?s={search_term_string}\"},\"query-input\":{\"@type\":\"PropertyValueSpecification\",\"valueRequired\":true,\"valueName\":\"search_term_string\"}}],\"inLanguage\":\"en-US\"}]}<\/script>\n<!-- \/ Yoast SEO plugin. -->","yoast_head_json":{"title":"Kontakt - Wooden Floors Store &quot;D\u0119bowy M\u0142yn&quot;","description":"Salon Pod\u0142\u00f3g Drewnianych \"D\u0119bowy M\u0142yn\", ul. Iglasta 6, 64-100 Leszno, +48 502 137 750. Serdecznie zapraszamy do wsp\u00f3\u0142pracy.","robots":{"index":"index","follow":"follow","max-snippet":"max-snippet:-1","max-image-preview":"max-image-preview:large","max-video-preview":"max-video-preview:-1"},"canonical":"https:\/\/debowymlyn.pl\/kontakt\/","og_locale":"en_US","og_type":"article","og_title":"Kontakt - Wooden Floors Store &quot;D\u0119bowy M\u0142yn&quot;","og_description":"Salon Pod\u0142\u00f3g Drewnianych \"D\u0119bowy M\u0142yn\", ul. Iglasta 6, 64-100 Leszno, +48 502 137 750. Serdecznie zapraszamy do wsp\u00f3\u0142pracy.","og_url":"https:\/\/debowymlyn.pl\/kontakt\/","og_site_name":"Wooden Floors Store &quot;D\u0119bowy M\u0142yn&quot;","article_modified_time":"2020-07-01T09:20:55+00:00","og_image":[{"url":"http:\/\/debowymlyn.pl\/wp-content\/uploads\/onas\/onas-bud.jpg","type":"","width":"","height":""}],"twitter_card":"summary_large_image","twitter_misc":{"Est. reading time":"2 minutes"},"schema":{"@context":"https:\/\/schema.org","@graph":[{"@type":"WebPage","@id":"https:\/\/debowymlyn.pl\/kontakt\/","url":"https:\/\/debowymlyn.pl\/kontakt\/","name":"Kontakt - Wooden Floors Store &quot;D\u0119bowy M\u0142yn&quot;","isPartOf":{"@id":"https:\/\/debowymlyn.pl\/#website"},"primaryImageOfPage":{"@id":"https:\/\/debowymlyn.pl\/kontakt\/#primaryimage"},"image":{"@id":"https:\/\/debowymlyn.pl\/kontakt\/#primaryimage"},"thumbnailUrl":"http:\/\/debowymlyn.pl\/wp-content\/uploads\/onas\/onas-bud.jpg","datePublished":"2015-12-11T13:23:47+00:00","dateModified":"2020-07-01T09:20:55+00:00","description":"Salon Pod\u0142\u00f3g Drewnianych \"D\u0119bowy M\u0142yn\", ul. Iglasta 6, 64-100 Leszno, +48 502 137 750. Serdecznie zapraszamy do wsp\u00f3\u0142pracy.","breadcrumb":{"@id":"https:\/\/debowymlyn.pl\/kontakt\/#breadcrumb"},"inLanguage":"en-US","potentialAction":[{"@type":"ReadAction","target":["https:\/\/debowymlyn.pl\/kontakt\/"]}]},{"@type":"ImageObject","inLanguage":"en-US","@id":"https:\/\/debowymlyn.pl\/kontakt\/#primaryimage","url":"http:\/\/debowymlyn.pl\/wp-content\/uploads\/onas\/onas-bud.jpg","contentUrl":"http:\/\/debowymlyn.pl\/wp-content\/uploads\/onas\/onas-bud.jpg"},{"@type":"BreadcrumbList","@id":"https:\/\/debowymlyn.pl\/kontakt\/#breadcrumb","itemListElement":[{"@type":"ListItem","position":1,"name":"Strona g\u0142\u00f3wna","item":"https:\/\/debowymlyn.pl\/"},{"@type":"ListItem","position":2,"name":"Kontakt"}]},{"@type":"WebSite","@id":"https:\/\/debowymlyn.pl\/#website","url":"https:\/\/debowymlyn.pl\/","name":"Wooden Floors Store &quot;D\u0119bowy M\u0142yn&quot;","description":"","potentialAction":[{"@type":"SearchAction","target":{"@type":"EntryPoint","urlTemplate":"https:\/\/debowymlyn.pl\/?s={search_term_string}"},"query-input":{"@type":"PropertyValueSpecification","valueRequired":true,"valueName":"search_term_string"}}],"inLanguage":"en-US"}]}},"_links":{"self":[{"href":"https:\/\/debowymlyn.pl\/en\/wp-json\/wp\/v2\/pages\/944","targetHints":{"allow":["GET"]}}],"collection":[{"href":"https:\/\/debowymlyn.pl\/en\/wp-json\/wp\/v2\/pages"}],"about":[{"href":"https:\/\/debowymlyn.pl\/en\/wp-json\/wp\/v2\/types\/page"}],"author":[{"embeddable":true,"href":"https:\/\/debowymlyn.pl\/en\/wp-json\/wp\/v2\/users\/2"}],"replies":[{"embeddable":true,"href":"https:\/\/debowymlyn.pl\/en\/wp-json\/wp\/v2\/comments?post=944"}],"version-history":[{"count":99,"href":"https:\/\/debowymlyn.pl\/en\/wp-json\/wp\/v2\/pages\/944\/revisions"}],"predecessor-version":[{"id":2556,"href":"https:\/\/debowymlyn.pl\/en\/wp-json\/wp\/v2\/pages\/944\/revisions\/2556"}],"wp:attachment":[{"href":"https:\/\/debowymlyn.pl\/en\/wp-json\/wp\/v2\/media?parent=944"}],"curies":[{"name":"wp","href":"https:\/\/api.w.org\/{rel}","templated":true}]}}