{"id":948,"date":"2015-12-11T16:13:38","date_gmt":"2015-12-11T15:13:38","guid":{"rendered":"http:\/\/debowymlyn.pl\/?page_id=948"},"modified":"2023-10-30T12:35:12","modified_gmt":"2023-10-30T11:35:12","slug":"chemia","status":"publish","type":"page","link":"https:\/\/debowymlyn.pl\/en\/chemia\/","title":{"rendered":"Chemicals"},"content":{"rendered":"<div class=\"su-tabs su-tabs-style-default su-tabs-mobile-stack\" data-active=\"1\" data-scroll-offset=\"0\" data-anchor-in-url=\"no\"><div class=\"su-tabs-nav\"><span class=\"\" data-url=\"\" data-target=\"blank\" tabindex=\"0\" role=\"button\">Loba<\/span><span class=\"\" data-url=\"\" data-target=\"blank\" tabindex=\"0\" role=\"button\">Wakol<\/span><\/div><div class=\"su-tabs-panes\"><div class=\"su-tabs-pane su-u-clearfix su-u-trim\" data-title=\"Loba\">\n[slb_group id=&#8221;chemia-loba&#8221;]<div class=\"su-custom-gallery su-custom-gallery-align-left su-custom-gallery-title-onmouseover column_image\"><div class=\"su-custom-gallery-slide\" style=\"width:165px;height:165px\"><a href=\"https:\/\/debowymlyn.pl\/en\/lobadur_ws_viva-2\/\" title=\"WS Viva\"><img loading=\"lazy\" decoding=\"async\" src=\"https:\/\/debowymlyn.pl\/wp-content\/uploads\/chemia\/loba\/lobadur_ws_viva-2-165x165.jpg\" alt=\"WS Viva\" width=\"165\" height=\"165\" \/><span class=\"su-custom-gallery-title\">WS Viva<\/span><\/a><\/div><div class=\"su-custom-gallery-slide\" style=\"width:165px;height:165px\"><a href=\"https:\/\/debowymlyn.pl\/en\/lobadur_ws_easyprime-2\/\" title=\"WS EasyPrime\"><img loading=\"lazy\" decoding=\"async\" src=\"https:\/\/debowymlyn.pl\/wp-content\/uploads\/chemia\/loba\/lobadur_ws_easyprime-2-165x165.jpg\" alt=\"WS EasyPrime\" width=\"165\" height=\"165\" \/><span class=\"su-custom-gallery-title\">WS EasyPrime<\/span><\/a><\/div><div class=\"su-custom-gallery-slide\" style=\"width:165px;height:165px\"><a href=\"https:\/\/debowymlyn.pl\/en\/lobadur_ws_easyfinish-2\/\" title=\"WS EasyFinish\"><img loading=\"lazy\" decoding=\"async\" src=\"https:\/\/debowymlyn.pl\/wp-content\/uploads\/chemia\/loba\/lobadur_ws_easyfinish-2-165x165.jpg\" alt=\"WS EasyFinish\" width=\"165\" height=\"165\" \/><span class=\"su-custom-gallery-title\">WS EasyFinish<\/span><\/a><\/div><div class=\"su-custom-gallery-slide\" style=\"width:165px;height:165px\"><a href=\"https:\/\/debowymlyn.pl\/en\/lobadur_primaseal-2\/\" title=\"PrimaSeal\"><img loading=\"lazy\" decoding=\"async\" src=\"https:\/\/debowymlyn.pl\/wp-content\/uploads\/chemia\/loba\/lobadur_primaseal-2-165x165.jpg\" alt=\"PrimaSeal\" width=\"165\" height=\"165\" \/><span class=\"su-custom-gallery-title\">PrimaSeal<\/span><\/a><\/div><div class=\"su-custom-gallery-slide\" style=\"width:165px;height:165px\"><a href=\"https:\/\/debowymlyn.pl\/en\/lobadur_duofill\/\" title=\"2K DuoFill A.T.\"><img loading=\"lazy\" decoding=\"async\" src=\"https:\/\/debowymlyn.pl\/wp-content\/uploads\/chemia\/loba\/lobadur_duofill-165x165.jpg\" alt=\"2K DuoFill A.T.\" width=\"165\" height=\"165\" \/><span class=\"su-custom-gallery-title\">2K DuoFill A.T.<\/span><\/a><\/div><div class=\"su-custom-gallery-slide\" style=\"width:165px;height:165px\"><a href=\"https:\/\/debowymlyn.pl\/en\/lobacare_waxremover-2\/\" title=\"LOBA\u00ae WaxRemover\"><img loading=\"lazy\" decoding=\"async\" src=\"https:\/\/debowymlyn.pl\/wp-content\/uploads\/chemia\/loba\/LOBACARE_WaxRemover-2-165x165.jpg\" alt=\"LOBA\u00ae WaxRemover\" width=\"165\" height=\"165\" \/><span class=\"su-custom-gallery-title\">LOBA\u00ae WaxRemover<\/span><\/a><\/div><div class=\"su-custom-gallery-slide\" style=\"width:165px;height:165px\"><a href=\"https:\/\/debowymlyn.pl\/en\/lobacare_waxcleaner-2\/\" title=\"WaxCleaner\"><img loading=\"lazy\" decoding=\"async\" src=\"https:\/\/debowymlyn.pl\/wp-content\/uploads\/chemia\/loba\/lobacare_waxcleaner-2-165x165.jpg\" alt=\"WaxCleaner\" width=\"165\" height=\"165\" \/><span class=\"su-custom-gallery-title\">WaxCleaner<\/span><\/a><\/div><div class=\"su-custom-gallery-slide\" style=\"width:165px;height:165px\"><a href=\"https:\/\/debowymlyn.pl\/en\/lobacare_parkettsoap-2\/\" title=\"ParkettSoap\"><img loading=\"lazy\" decoding=\"async\" src=\"https:\/\/debowymlyn.pl\/wp-content\/uploads\/chemia\/loba\/LOBACARE_ParkettSoap-2-165x165.jpg\" alt=\"ParkettSoap\" width=\"165\" height=\"165\" \/><span class=\"su-custom-gallery-title\">ParkettSoap<\/span><\/a><\/div><div class=\"su-custom-gallery-slide\" style=\"width:165px;height:165px\"><a href=\"https:\/\/debowymlyn.pl\/en\/lobacare_parkettwax-2\/\" title=\"ParkettWax\"><img loading=\"lazy\" decoding=\"async\" src=\"https:\/\/debowymlyn.pl\/wp-content\/uploads\/chemia\/loba\/lobacare_parkettwax-2-165x165.jpg\" alt=\"ParkettWax\" width=\"165\" height=\"165\" \/><span class=\"su-custom-gallery-title\">ParkettWax<\/span><\/a><\/div><div class=\"su-custom-gallery-slide\" style=\"width:165px;height:165px\"><a href=\"https:\/\/debowymlyn.pl\/en\/lobacare_parkettoildeluxe-2\/\" title=\"ParkettOil Deluxe\"><img loading=\"lazy\" decoding=\"async\" src=\"https:\/\/debowymlyn.pl\/wp-content\/uploads\/chemia\/loba\/lobacare_parkettoildeluxe-2-165x165.jpg\" alt=\"ParkettOil Deluxe\" width=\"165\" height=\"165\" \/><span class=\"su-custom-gallery-title\">ParkettOil Deluxe<\/span><\/a><\/div><div class=\"su-custom-gallery-slide\" style=\"width:165px;height:165px\"><a href=\"https:\/\/debowymlyn.pl\/en\/lobacare_parkettoil-2\/\" title=\"ParkettOil\"><img loading=\"lazy\" decoding=\"async\" src=\"https:\/\/debowymlyn.pl\/wp-content\/uploads\/chemia\/loba\/LOBACARE_ParkettOil-2-165x165.jpg\" alt=\"ParkettOil\" width=\"165\" height=\"165\" \/><span class=\"su-custom-gallery-title\">ParkettOil<\/span><\/a><\/div><div class=\"su-custom-gallery-slide\" style=\"width:165px;height:165px\"><a href=\"https:\/\/debowymlyn.pl\/en\/lobacare_cleaner-2\/\" title=\"Cleaner\"><img loading=\"lazy\" decoding=\"async\" src=\"https:\/\/debowymlyn.pl\/wp-content\/uploads\/chemia\/loba\/lobacare_cleaner-2-165x165.jpg\" alt=\"Cleaner\" width=\"165\" height=\"165\" \/><span class=\"su-custom-gallery-title\">Cleaner<\/span><\/a><\/div><div class=\"su-custom-gallery-slide\" style=\"width:165px;height:165px\"><a href=\"https:\/\/debowymlyn.pl\/en\/lobacare_parkettcare-2\/\" title=\"ParkettCare\"><img loading=\"lazy\" decoding=\"async\" src=\"https:\/\/debowymlyn.pl\/wp-content\/uploads\/chemia\/loba\/LOBACARE_ParkettCare-2-165x165.jpg\" alt=\"ParkettCare\" width=\"165\" height=\"165\" \/><span class=\"su-custom-gallery-title\">ParkettCare<\/span><\/a><\/div><div class=\"su-custom-gallery-slide\" style=\"width:165px;height:165px\"><a href=\"https:\/\/debowymlyn.pl\/en\/lobacare_careremover-2\/\" title=\"CareRemover\"><img loading=\"lazy\" decoding=\"async\" src=\"https:\/\/debowymlyn.pl\/wp-content\/uploads\/chemia\/loba\/LOBACARE_CareRemover-2-165x165.jpg\" alt=\"CareRemover\" width=\"165\" height=\"165\" \/><span class=\"su-custom-gallery-title\">CareRemover<\/span><\/a><\/div><div class=\"su-custom-gallery-slide\" style=\"width:165px;height:165px\"><a href=\"https:\/\/debowymlyn.pl\/en\/lobacare_carecleaner-2\/\" title=\"CareCleaner\"><img loading=\"lazy\" decoding=\"async\" src=\"https:\/\/debowymlyn.pl\/wp-content\/uploads\/chemia\/loba\/lobacare_carecleaner-2-165x165.jpg\" alt=\"CareCleaner\" width=\"165\" height=\"165\" \/><span class=\"su-custom-gallery-title\">CareCleaner<\/span><\/a><\/div><div class=\"su-custom-gallery-slide\" style=\"width:165px;height:165px\"><a href=\"https:\/\/debowymlyn.pl\/en\/loba_naturewax-2\/\" title=\"NatureWax\"><img loading=\"lazy\" decoding=\"async\" src=\"https:\/\/debowymlyn.pl\/wp-content\/uploads\/chemia\/loba\/loba_naturewax-2-165x165.jpg\" alt=\"NatureWax\" width=\"165\" height=\"165\" \/><span class=\"su-custom-gallery-title\">NatureWax<\/span><\/a><\/div><div class=\"su-custom-gallery-slide\" style=\"width:165px;height:165px\"><a href=\"https:\/\/debowymlyn.pl\/en\/loba_natureoil-2\/\" title=\"NatureOil\"><img loading=\"lazy\" decoding=\"async\" src=\"https:\/\/debowymlyn.pl\/wp-content\/uploads\/chemia\/loba\/loba_natureoil-2-165x165.jpg\" alt=\"NatureOil\" width=\"165\" height=\"165\" \/><span class=\"su-custom-gallery-title\">NatureOil<\/span><\/a><\/div><div class=\"su-clear\"><\/div><\/div>[\/slb_group]\n<\/div>\n<div class=\"su-tabs-pane su-u-clearfix su-u-trim\" data-title=\"Wakol\">\n[slb_group id=&#8221;chemia-wakol&#8221;]<div class=\"su-custom-gallery su-custom-gallery-align-left su-custom-gallery-title-onmouseover column_image\"><div class=\"su-custom-gallery-slide\" style=\"width:165px;height:165px\"><a href=\"https:\/\/debowymlyn.pl\/en\/wakol-z-615\/\" title=\"WAKOL Z 615\"><img loading=\"lazy\" decoding=\"async\" src=\"https:\/\/debowymlyn.pl\/wp-content\/uploads\/chemia\/wakol\/WAKOL-Z-615-165x165.jpg\" alt=\"WAKOL Z 615\" width=\"165\" height=\"165\" \/><span class=\"su-custom-gallery-title\">WAKOL Z 615<\/span><\/a><\/div><div class=\"su-custom-gallery-slide\" style=\"width:165px;height:165px\"><a href=\"https:\/\/debowymlyn.pl\/en\/wakol-z-645\/\" title=\"WAKOL Z 645\"><img loading=\"lazy\" decoding=\"async\" src=\"https:\/\/debowymlyn.pl\/wp-content\/uploads\/chemia\/wakol\/WAKOL-Z-645-165x165.jpg\" alt=\"WAKOL Z 645\" width=\"165\" height=\"165\" \/><span class=\"su-custom-gallery-title\">WAKOL Z 645<\/span><\/a><\/div><div class=\"su-custom-gallery-slide\" style=\"width:165px;height:165px\"><a href=\"https:\/\/debowymlyn.pl\/en\/wakol-ms-240\/\" title=\"WAKOL MS 240\"><img loading=\"lazy\" decoding=\"async\" src=\"https:\/\/debowymlyn.pl\/wp-content\/uploads\/chemia\/wakol\/WAKOL-MS-240-165x165.jpg\" alt=\"WAKOL MS 240\" width=\"165\" height=\"165\" \/><span class=\"su-custom-gallery-title\">WAKOL MS 240<\/span><\/a><\/div><div class=\"su-custom-gallery-slide\" style=\"width:165px;height:165px\"><a href=\"https:\/\/debowymlyn.pl\/en\/wakol-ps-275\/\" title=\"WAKOL PS 275\"><img loading=\"lazy\" decoding=\"async\" src=\"https:\/\/debowymlyn.pl\/wp-content\/uploads\/chemia\/wakol\/WAKOL-PS-275-165x165.jpg\" alt=\"WAKOL PS 275\" width=\"165\" height=\"165\" \/><span class=\"su-custom-gallery-title\">WAKOL PS 275<\/span><\/a><\/div><div class=\"su-custom-gallery-slide\" style=\"width:165px;height:165px\"><a href=\"https:\/\/debowymlyn.pl\/en\/wakol-pu-280\/\" title=\"WAKOL PU 280\"><img loading=\"lazy\" decoding=\"async\" src=\"https:\/\/debowymlyn.pl\/wp-content\/uploads\/chemia\/wakol\/WAKOL-PU-280-165x165.jpg\" alt=\"WAKOL PU 280\" width=\"165\" height=\"165\" \/><span class=\"su-custom-gallery-title\">WAKOL PU 280<\/span><\/a><\/div><div class=\"su-custom-gallery-slide\" style=\"width:165px;height:165px\"><a href=\"https:\/\/debowymlyn.pl\/en\/wakol-pu-215\/\" title=\"WAKOL PU 215\"><img loading=\"lazy\" decoding=\"async\" src=\"https:\/\/debowymlyn.pl\/wp-content\/uploads\/chemia\/wakol\/WAKOL-PU-215-165x165.jpg\" alt=\"WAKOL PU 215\" width=\"165\" height=\"165\" \/><span class=\"su-custom-gallery-title\">WAKOL PU 215<\/span><\/a><\/div><div class=\"su-custom-gallery-slide\" style=\"width:165px;height:165px\"><a href=\"https:\/\/debowymlyn.pl\/en\/wakol-ms-260\/\" title=\"WAKOL MS 260\"><img loading=\"lazy\" decoding=\"async\" src=\"https:\/\/debowymlyn.pl\/wp-content\/uploads\/chemia\/wakol\/WAKOL-MS-260-165x165.jpg\" alt=\"WAKOL MS 260\" width=\"165\" height=\"165\" \/><span class=\"su-custom-gallery-title\">WAKOL MS 260<\/span><\/a><\/div><div class=\"su-custom-gallery-slide\" style=\"width:165px;height:165px\"><a href=\"https:\/\/debowymlyn.pl\/en\/wakol-pu-225\/\" title=\"WAKOL PU 225\"><img loading=\"lazy\" decoding=\"async\" src=\"https:\/\/debowymlyn.pl\/wp-content\/uploads\/chemia\/wakol\/WAKOL-PU-225-165x165.jpg\" alt=\"WAKOL PU 225\" width=\"165\" height=\"165\" \/><span class=\"su-custom-gallery-title\">WAKOL PU 225<\/span><\/a><\/div><div class=\"su-clear\"><\/div><\/div>[\/slb_group]\n<\/div><\/div><\/div>\n<div class=\"su-column su-column-size-1-1 podstrona su-column-centered\"><div class=\"su-column-inner su-u-clearfix su-u-trim\">\nBe it at home, in the Office, hotel, restaurant or an industrial facility \u2013 for the floor to stay beautiful and serve you for years, it requires professional installation and maintenance. For this purpose, you require products for surface priming, high quality adhesives for mosaic installation, panels or wooden boards, and hardwood maintenance oils, liquids for cleaning, waxing, and protection against dirt.<\/p>\n<p>We offer proven solutions from German manufacturers &#8211; Loba and Wakol, which are recognised all over the world, by individuals and professionals customers. Each of the chemical product is adapted to different surfaces, and has a slightly different application. For instance, WaxCleaner is perfect for oiled floors; it gives them a glossy appearance. Is also ideal for rooms where frequented by children, where you have plenty of movement, because it creates a non-slip coating. Persons renovating a home and laying new floors will appreciate the Wakol levelling and putty compounds. However, for finishing and renovation works you will find the crack filler useful, which penetrates the hollows left by nails and the intervals between the grout joints.<\/p>\n<p>After the wall has been smoothed, and the floors permanently fixed to the ground, it is then time for the final effect \u2013 the elegantly looking boards or the ravishingly good-looking mosaics. To maintain this effect for a long time, the following may prove invaluable: varnishes, oils, waxes, as well as cleaning and wood care products. After all, good presentation is essential.<br \/>\n<\/div><\/div>","protected":false},"excerpt":{"rendered":"","protected":false},"author":2,"featured_media":0,"parent":0,"menu_order":5,"comment_status":"closed","ping_status":"closed","template":"page-fullwidth.php","meta":{"inline_featured_image":false,"footnotes":""},"class_list":["post-948","page","type-page","status-publish","hentry"],"yoast_head":"<!-- This site is optimized with the Yoast SEO plugin v26.8 - https:\/\/yoast.com\/product\/yoast-seo-wordpress\/ -->\n<title>Chemia do Pod\u0142\u00f3g - Impregnaty Wakol, Loba - D\u0119bowy M\u0142yn<\/title>\n<meta name=\"description\" content=\"Proponujemy sprawdzone rozwi\u0105zania od niemieckich producent\u00f3w \u2013 Loba i Wakol, kt\u00f3re ciesz\u0105 si\u0119 uznaniem, zar\u00f3wno w\u015br\u00f3d os\u00f3b prywatnych, jak i fachowc\u00f3w.\" \/>\n<meta name=\"robots\" content=\"index, follow, max-snippet:-1, max-image-preview:large, max-video-preview:-1\" \/>\n<link rel=\"canonical\" href=\"https:\/\/debowymlyn.pl\/chemia\/\" \/>\n<meta property=\"og:locale\" content=\"en_US\" \/>\n<meta property=\"og:type\" content=\"article\" \/>\n<meta property=\"og:title\" content=\"Chemia do Pod\u0142\u00f3g - Impregnaty Wakol, Loba - D\u0119bowy M\u0142yn\" \/>\n<meta property=\"og:description\" content=\"Proponujemy sprawdzone rozwi\u0105zania od niemieckich producent\u00f3w \u2013 Loba i Wakol, kt\u00f3re ciesz\u0105 si\u0119 uznaniem, zar\u00f3wno w\u015br\u00f3d os\u00f3b prywatnych, jak i fachowc\u00f3w.\" \/>\n<meta property=\"og:url\" content=\"https:\/\/debowymlyn.pl\/chemia\/\" \/>\n<meta property=\"og:site_name\" content=\"Wooden Floors Store &quot;D\u0119bowy M\u0142yn&quot;\" \/>\n<meta property=\"article:modified_time\" content=\"2023-10-30T11:35:12+00:00\" \/>\n<meta name=\"twitter:card\" content=\"summary_large_image\" \/>\n<meta name=\"twitter:label1\" content=\"Est. reading time\" \/>\n\t<meta name=\"twitter:data1\" content=\"5 minutes\" \/>\n<script type=\"application\/ld+json\" class=\"yoast-schema-graph\">{\"@context\":\"https:\/\/schema.org\",\"@graph\":[{\"@type\":\"WebPage\",\"@id\":\"https:\/\/debowymlyn.pl\/chemia\/\",\"url\":\"https:\/\/debowymlyn.pl\/chemia\/\",\"name\":\"Chemia do Pod\u0142\u00f3g - Impregnaty Wakol, Loba - D\u0119bowy M\u0142yn\",\"isPartOf\":{\"@id\":\"https:\/\/debowymlyn.pl\/#website\"},\"datePublished\":\"2015-12-11T15:13:38+00:00\",\"dateModified\":\"2023-10-30T11:35:12+00:00\",\"description\":\"Proponujemy sprawdzone rozwi\u0105zania od niemieckich producent\u00f3w \u2013 Loba i Wakol, kt\u00f3re ciesz\u0105 si\u0119 uznaniem, zar\u00f3wno w\u015br\u00f3d os\u00f3b prywatnych, jak i fachowc\u00f3w.\",\"breadcrumb\":{\"@id\":\"https:\/\/debowymlyn.pl\/chemia\/#breadcrumb\"},\"inLanguage\":\"en-US\",\"potentialAction\":[{\"@type\":\"ReadAction\",\"target\":[\"https:\/\/debowymlyn.pl\/chemia\/\"]}]},{\"@type\":\"BreadcrumbList\",\"@id\":\"https:\/\/debowymlyn.pl\/chemia\/#breadcrumb\",\"itemListElement\":[{\"@type\":\"ListItem\",\"position\":1,\"name\":\"Strona g\u0142\u00f3wna\",\"item\":\"https:\/\/debowymlyn.pl\/\"},{\"@type\":\"ListItem\",\"position\":2,\"name\":\"Chemia\"}]},{\"@type\":\"WebSite\",\"@id\":\"https:\/\/debowymlyn.pl\/#website\",\"url\":\"https:\/\/debowymlyn.pl\/\",\"name\":\"Wooden Floors Store &quot;D\u0119bowy M\u0142yn&quot;\",\"description\":\"\",\"potentialAction\":[{\"@type\":\"SearchAction\",\"target\":{\"@type\":\"EntryPoint\",\"urlTemplate\":\"https:\/\/debowymlyn.pl\/?s={search_term_string}\"},\"query-input\":{\"@type\":\"PropertyValueSpecification\",\"valueRequired\":true,\"valueName\":\"search_term_string\"}}],\"inLanguage\":\"en-US\"}]}<\/script>\n<!-- \/ Yoast SEO plugin. -->","yoast_head_json":{"title":"Chemia do Pod\u0142\u00f3g - Impregnaty Wakol, Loba - D\u0119bowy M\u0142yn","description":"Proponujemy sprawdzone rozwi\u0105zania od niemieckich producent\u00f3w \u2013 Loba i Wakol, kt\u00f3re ciesz\u0105 si\u0119 uznaniem, zar\u00f3wno w\u015br\u00f3d os\u00f3b prywatnych, jak i fachowc\u00f3w.","robots":{"index":"index","follow":"follow","max-snippet":"max-snippet:-1","max-image-preview":"max-image-preview:large","max-video-preview":"max-video-preview:-1"},"canonical":"https:\/\/debowymlyn.pl\/chemia\/","og_locale":"en_US","og_type":"article","og_title":"Chemia do Pod\u0142\u00f3g - Impregnaty Wakol, Loba - D\u0119bowy M\u0142yn","og_description":"Proponujemy sprawdzone rozwi\u0105zania od niemieckich producent\u00f3w \u2013 Loba i Wakol, kt\u00f3re ciesz\u0105 si\u0119 uznaniem, zar\u00f3wno w\u015br\u00f3d os\u00f3b prywatnych, jak i fachowc\u00f3w.","og_url":"https:\/\/debowymlyn.pl\/chemia\/","og_site_name":"Wooden Floors Store &quot;D\u0119bowy M\u0142yn&quot;","article_modified_time":"2023-10-30T11:35:12+00:00","twitter_card":"summary_large_image","twitter_misc":{"Est. reading time":"5 minutes"},"schema":{"@context":"https:\/\/schema.org","@graph":[{"@type":"WebPage","@id":"https:\/\/debowymlyn.pl\/chemia\/","url":"https:\/\/debowymlyn.pl\/chemia\/","name":"Chemia do Pod\u0142\u00f3g - Impregnaty Wakol, Loba - D\u0119bowy M\u0142yn","isPartOf":{"@id":"https:\/\/debowymlyn.pl\/#website"},"datePublished":"2015-12-11T15:13:38+00:00","dateModified":"2023-10-30T11:35:12+00:00","description":"Proponujemy sprawdzone rozwi\u0105zania od niemieckich producent\u00f3w \u2013 Loba i Wakol, kt\u00f3re ciesz\u0105 si\u0119 uznaniem, zar\u00f3wno w\u015br\u00f3d os\u00f3b prywatnych, jak i fachowc\u00f3w.","breadcrumb":{"@id":"https:\/\/debowymlyn.pl\/chemia\/#breadcrumb"},"inLanguage":"en-US","potentialAction":[{"@type":"ReadAction","target":["https:\/\/debowymlyn.pl\/chemia\/"]}]},{"@type":"BreadcrumbList","@id":"https:\/\/debowymlyn.pl\/chemia\/#breadcrumb","itemListElement":[{"@type":"ListItem","position":1,"name":"Strona g\u0142\u00f3wna","item":"https:\/\/debowymlyn.pl\/"},{"@type":"ListItem","position":2,"name":"Chemia"}]},{"@type":"WebSite","@id":"https:\/\/debowymlyn.pl\/#website","url":"https:\/\/debowymlyn.pl\/","name":"Wooden Floors Store &quot;D\u0119bowy M\u0142yn&quot;","description":"","potentialAction":[{"@type":"SearchAction","target":{"@type":"EntryPoint","urlTemplate":"https:\/\/debowymlyn.pl\/?s={search_term_string}"},"query-input":{"@type":"PropertyValueSpecification","valueRequired":true,"valueName":"search_term_string"}}],"inLanguage":"en-US"}]}},"_links":{"self":[{"href":"https:\/\/debowymlyn.pl\/en\/wp-json\/wp\/v2\/pages\/948","targetHints":{"allow":["GET"]}}],"collection":[{"href":"https:\/\/debowymlyn.pl\/en\/wp-json\/wp\/v2\/pages"}],"about":[{"href":"https:\/\/debowymlyn.pl\/en\/wp-json\/wp\/v2\/types\/page"}],"author":[{"embeddable":true,"href":"https:\/\/debowymlyn.pl\/en\/wp-json\/wp\/v2\/users\/2"}],"replies":[{"embeddable":true,"href":"https:\/\/debowymlyn.pl\/en\/wp-json\/wp\/v2\/comments?post=948"}],"version-history":[{"count":10,"href":"https:\/\/debowymlyn.pl\/en\/wp-json\/wp\/v2\/pages\/948\/revisions"}],"predecessor-version":[{"id":3084,"href":"https:\/\/debowymlyn.pl\/en\/wp-json\/wp\/v2\/pages\/948\/revisions\/3084"}],"wp:attachment":[{"href":"https:\/\/debowymlyn.pl\/en\/wp-json\/wp\/v2\/media?parent=948"}],"curies":[{"name":"wp","href":"https:\/\/api.w.org\/{rel}","templated":true}]}}